{"id":4437,"date":"2020-06-26T23:43:36","date_gmt":"2020-06-27T04:43:36","guid":{"rendered":"http:\/\/ecomarketcolombia.com\/?post_type=product&#038;p=4437"},"modified":"2021-05-09T19:22:59","modified_gmt":"2021-05-10T00:22:59","slug":"cafe-arboleda","status":"publish","type":"product","link":"https:\/\/ecomarketcolombia.com\/index.php\/product\/cafe-arboleda\/","title":{"rendered":"Caf\u00e9 Arboleda"},"content":{"rendered":"","protected":false},"excerpt":{"rendered":"<p>Caf\u00e9 org\u00e1nico en presentaciones de 250 y 500 gramos. Molido o en grano!<\/p>\n","protected":false},"featured_media":4736,"comment_status":"closed","ping_status":"closed","template":"","meta":[],"class_list":["post-4437","product","type-product","status-publish","has-post-thumbnail","hentry","product_cat-bebidas-e-infusiones","product_tag-cafe","product_tag-grano","product_tag-molido","product_tag-organico","product_tag-semillas","product_tag-tostado"],"_links":{"self":[{"href":"https:\/\/ecomarketcolombia.com\/index.php\/wp-json\/wp\/v2\/product\/4437","targetHints":{"allow":["GET"]}}],"collection":[{"href":"https:\/\/ecomarketcolombia.com\/index.php\/wp-json\/wp\/v2\/product"}],"about":[{"href":"https:\/\/ecomarketcolombia.com\/index.php\/wp-json\/wp\/v2\/types\/product"}],"replies":[{"embeddable":true,"href":"https:\/\/ecomarketcolombia.com\/index.php\/wp-json\/wp\/v2\/comments?post=4437"}],"version-history":[{"count":2,"href":"https:\/\/ecomarketcolombia.com\/index.php\/wp-json\/wp\/v2\/product\/4437\/revisions"}],"predecessor-version":[{"id":4445,"href":"https:\/\/ecomarketcolombia.com\/index.php\/wp-json\/wp\/v2\/product\/4437\/revisions\/4445"}],"wp:featuredmedia":[{"embeddable":true,"href":"https:\/\/ecomarketcolombia.com\/index.php\/wp-json\/wp\/v2\/media\/4736"}],"wp:attachment":[{"href":"https:\/\/ecomarketcolombia.com\/index.php\/wp-json\/wp\/v2\/media?parent=4437"}],"curies":[{"name":"wp","href":"https:\/\/api.w.org\/{rel}","templated":true}]}}