{"id":4510,"date":"2020-07-04T00:08:22","date_gmt":"2020-07-04T05:08:22","guid":{"rendered":"http:\/\/ecomarketcolombia.com\/?post_type=product&#038;p=4510"},"modified":"2021-05-10T16:25:56","modified_gmt":"2021-05-10T21:25:56","slug":"granola-tradicional","status":"publish","type":"product","link":"https:\/\/ecomarketcolombia.com\/index.php\/product\/granola-tradicional\/","title":{"rendered":"Granola tradicional"},"content":{"rendered":"","protected":false},"excerpt":{"rendered":"<p>Granolas tradicional (Hojuelas de ma\u00edz, cebada y avena, jugo de ca\u00f1a, uva pasa, coco deshidratado, man\u00ed tostado, ar\u00e1ndanos, nuez de brasil, ajonjol\u00ed, malta de cebada y sal) Disponible en presentaciones de 200, 400, 800, 1.500 y 3.000 gramos<\/p>\n","protected":false},"featured_media":4711,"comment_status":"closed","ping_status":"closed","template":"","meta":[],"class_list":["post-4510","product","type-product","status-publish","has-post-thumbnail","hentry","product_cat-carealesgranolas","product_tag-frutas-deshidratadas","product_tag-granola","product_tag-nueces","product_tag-quinua","product_tag-semillas","product_tag-tostado","product_tag-tradicional"],"_links":{"self":[{"href":"https:\/\/ecomarketcolombia.com\/index.php\/wp-json\/wp\/v2\/product\/4510","targetHints":{"allow":["GET"]}}],"collection":[{"href":"https:\/\/ecomarketcolombia.com\/index.php\/wp-json\/wp\/v2\/product"}],"about":[{"href":"https:\/\/ecomarketcolombia.com\/index.php\/wp-json\/wp\/v2\/types\/product"}],"replies":[{"embeddable":true,"href":"https:\/\/ecomarketcolombia.com\/index.php\/wp-json\/wp\/v2\/comments?post=4510"}],"version-history":[{"count":3,"href":"https:\/\/ecomarketcolombia.com\/index.php\/wp-json\/wp\/v2\/product\/4510\/revisions"}],"predecessor-version":[{"id":5472,"href":"https:\/\/ecomarketcolombia.com\/index.php\/wp-json\/wp\/v2\/product\/4510\/revisions\/5472"}],"wp:featuredmedia":[{"embeddable":true,"href":"https:\/\/ecomarketcolombia.com\/index.php\/wp-json\/wp\/v2\/media\/4711"}],"wp:attachment":[{"href":"https:\/\/ecomarketcolombia.com\/index.php\/wp-json\/wp\/v2\/media?parent=4510"}],"curies":[{"name":"wp","href":"https:\/\/api.w.org\/{rel}","templated":true}]}}