{"id":4520,"date":"2020-07-04T00:15:34","date_gmt":"2020-07-04T05:15:34","guid":{"rendered":"http:\/\/ecomarketcolombia.com\/?post_type=product&#038;p=4520"},"modified":"2021-05-10T16:31:43","modified_gmt":"2021-05-10T21:31:43","slug":"granola-tropical","status":"publish","type":"product","link":"https:\/\/ecomarketcolombia.com\/index.php\/product\/granola-tropical\/","title":{"rendered":"Granola tropical"},"content":{"rendered":"","protected":false},"excerpt":{"rendered":"<p>Granola tropical (Hojuelas de ma\u00edz, cebada y avena, miel de ca\u00f1a, quinua pop, pi\u00f1a deshidratada, papaya deshidratada, mango deshidratado, nuez de brasil, ajonjol\u00ed, malta cebada y sal. Disponible en presentaciones de 200, 400 y 800 gramos<\/p>\n","protected":false},"featured_media":4712,"comment_status":"closed","ping_status":"closed","template":"","meta":[],"class_list":["post-4520","product","type-product","status-publish","has-post-thumbnail","hentry","product_cat-carealesgranolas","product_tag-frutas-deshidratadas","product_tag-granola","product_tag-nueces","product_tag-semillas","product_tag-tropical"],"_links":{"self":[{"href":"https:\/\/ecomarketcolombia.com\/index.php\/wp-json\/wp\/v2\/product\/4520","targetHints":{"allow":["GET"]}}],"collection":[{"href":"https:\/\/ecomarketcolombia.com\/index.php\/wp-json\/wp\/v2\/product"}],"about":[{"href":"https:\/\/ecomarketcolombia.com\/index.php\/wp-json\/wp\/v2\/types\/product"}],"replies":[{"embeddable":true,"href":"https:\/\/ecomarketcolombia.com\/index.php\/wp-json\/wp\/v2\/comments?post=4520"}],"version-history":[{"count":3,"href":"https:\/\/ecomarketcolombia.com\/index.php\/wp-json\/wp\/v2\/product\/4520\/revisions"}],"predecessor-version":[{"id":6940,"href":"https:\/\/ecomarketcolombia.com\/index.php\/wp-json\/wp\/v2\/product\/4520\/revisions\/6940"}],"wp:featuredmedia":[{"embeddable":true,"href":"https:\/\/ecomarketcolombia.com\/index.php\/wp-json\/wp\/v2\/media\/4712"}],"wp:attachment":[{"href":"https:\/\/ecomarketcolombia.com\/index.php\/wp-json\/wp\/v2\/media?parent=4520"}],"curies":[{"name":"wp","href":"https:\/\/api.w.org\/{rel}","templated":true}]}}