{"id":4749,"date":"2020-07-09T22:22:59","date_gmt":"2020-07-10T03:22:59","guid":{"rendered":"http:\/\/ecomarketcolombia.com\/?post_type=product&#038;p=4749"},"modified":"2021-06-16T23:05:32","modified_gmt":"2021-06-17T04:05:32","slug":"cremademani","status":"publish","type":"product","link":"https:\/\/ecomarketcolombia.com\/index.php\/product\/cremademani\/","title":{"rendered":"Crema de man\u00ed"},"content":{"rendered":"","protected":false},"excerpt":{"rendered":"<p>Cremas de nueces en presentaci\u00f3n de 230gr , producidas por los compa\u00f1eros de Nutti no tienen ning\u00fan aditivo o conservante, son 100% la nuez sin sal ni az\u00facar<\/p>\n","protected":false},"featured_media":4745,"comment_status":"closed","ping_status":"closed","template":"","meta":[],"class_list":["post-4749","product","type-product","status-publish","has-post-thumbnail","hentry","product_cat-nuecessemillas","product_tag-crema-nueces","product_tag-frutos-secos","product_tag-mani","product_tag-nueces"],"_links":{"self":[{"href":"https:\/\/ecomarketcolombia.com\/index.php\/wp-json\/wp\/v2\/product\/4749","targetHints":{"allow":["GET"]}}],"collection":[{"href":"https:\/\/ecomarketcolombia.com\/index.php\/wp-json\/wp\/v2\/product"}],"about":[{"href":"https:\/\/ecomarketcolombia.com\/index.php\/wp-json\/wp\/v2\/types\/product"}],"replies":[{"embeddable":true,"href":"https:\/\/ecomarketcolombia.com\/index.php\/wp-json\/wp\/v2\/comments?post=4749"}],"version-history":[{"count":3,"href":"https:\/\/ecomarketcolombia.com\/index.php\/wp-json\/wp\/v2\/product\/4749\/revisions"}],"predecessor-version":[{"id":6894,"href":"https:\/\/ecomarketcolombia.com\/index.php\/wp-json\/wp\/v2\/product\/4749\/revisions\/6894"}],"wp:featuredmedia":[{"embeddable":true,"href":"https:\/\/ecomarketcolombia.com\/index.php\/wp-json\/wp\/v2\/media\/4745"}],"wp:attachment":[{"href":"https:\/\/ecomarketcolombia.com\/index.php\/wp-json\/wp\/v2\/media?parent=4749"}],"curies":[{"name":"wp","href":"https:\/\/api.w.org\/{rel}","templated":true}]}}