{"id":4892,"date":"2020-07-14T15:37:02","date_gmt":"2020-07-14T20:37:02","guid":{"rendered":"http:\/\/ecomarketcolombia.com\/?post_type=product&#038;p=4892"},"modified":"2021-06-16T23:03:06","modified_gmt":"2021-06-17T04:03:06","slug":"cremamaranon","status":"publish","type":"product","link":"https:\/\/ecomarketcolombia.com\/index.php\/product\/cremamaranon\/","title":{"rendered":"Crema de mara\u00f1\u00f3n"},"content":{"rendered":"","protected":false},"excerpt":{"rendered":"<p>Cremas de nueces en presentaci\u00f3n de 230gr , producidas por los compa\u00f1eros de Nutti no tienen ning\u00fan aditivo o conservante, son 100% la nuez sin sal ni az\u00facar<\/p>\n","protected":false},"featured_media":4895,"comment_status":"closed","ping_status":"closed","template":"","meta":[],"class_list":["post-4892","product","type-product","status-publish","has-post-thumbnail","hentry","product_cat-nuecessemillas","product_tag-crema-de-nueces","product_tag-frutos-secos","product_tag-maranon","product_tag-nueces"],"_links":{"self":[{"href":"https:\/\/ecomarketcolombia.com\/index.php\/wp-json\/wp\/v2\/product\/4892","targetHints":{"allow":["GET"]}}],"collection":[{"href":"https:\/\/ecomarketcolombia.com\/index.php\/wp-json\/wp\/v2\/product"}],"about":[{"href":"https:\/\/ecomarketcolombia.com\/index.php\/wp-json\/wp\/v2\/types\/product"}],"replies":[{"embeddable":true,"href":"https:\/\/ecomarketcolombia.com\/index.php\/wp-json\/wp\/v2\/comments?post=4892"}],"version-history":[{"count":3,"href":"https:\/\/ecomarketcolombia.com\/index.php\/wp-json\/wp\/v2\/product\/4892\/revisions"}],"predecessor-version":[{"id":6893,"href":"https:\/\/ecomarketcolombia.com\/index.php\/wp-json\/wp\/v2\/product\/4892\/revisions\/6893"}],"wp:featuredmedia":[{"embeddable":true,"href":"https:\/\/ecomarketcolombia.com\/index.php\/wp-json\/wp\/v2\/media\/4895"}],"wp:attachment":[{"href":"https:\/\/ecomarketcolombia.com\/index.php\/wp-json\/wp\/v2\/media?parent=4892"}],"curies":[{"name":"wp","href":"https:\/\/api.w.org\/{rel}","templated":true}]}}