{"id":4981,"date":"2020-07-16T19:58:52","date_gmt":"2020-07-17T00:58:52","guid":{"rendered":"http:\/\/ecomarketcolombia.com\/?post_type=product&#038;p=4981"},"modified":"2020-07-22T23:08:04","modified_gmt":"2020-07-23T04:08:04","slug":"champusolidoeucalipto","status":"publish","type":"product","link":"https:\/\/ecomarketcolombia.com\/index.php\/product\/champusolidoeucalipto\/","title":{"rendered":"Champ\u00fa s\u00f3lido eucalipto"},"content":{"rendered":"","protected":false},"excerpt":{"rendered":"<p>Champ\u00fa s\u00f3lido natural de la marca Oiris, sin qu\u00edmicos ni aditivos t\u00f3xicos. Presentaci\u00f3n disponible de 40 gramos<\/p>\n","protected":false},"featured_media":4984,"comment_status":"closed","ping_status":"closed","template":"","meta":[],"class_list":["post-4981","product","type-product","status-publish","has-post-thumbnail","hentry","product_cat-cuidadopersonal","product_tag-40-gramos","product_tag-aseo","product_tag-comercio-justo","product_tag-corporal","product_tag-cuidado","product_tag-eco","product_tag-eucalipto","product_tag-local","product_tag-natural","product_tag-natural-y-biodegradable","product_tag-personal","product_tag-saludable","product_tag-shampoo","product_tag-sin-quimicos","product_tag-solido"],"_links":{"self":[{"href":"https:\/\/ecomarketcolombia.com\/index.php\/wp-json\/wp\/v2\/product\/4981","targetHints":{"allow":["GET"]}}],"collection":[{"href":"https:\/\/ecomarketcolombia.com\/index.php\/wp-json\/wp\/v2\/product"}],"about":[{"href":"https:\/\/ecomarketcolombia.com\/index.php\/wp-json\/wp\/v2\/types\/product"}],"replies":[{"embeddable":true,"href":"https:\/\/ecomarketcolombia.com\/index.php\/wp-json\/wp\/v2\/comments?post=4981"}],"version-history":[{"count":1,"href":"https:\/\/ecomarketcolombia.com\/index.php\/wp-json\/wp\/v2\/product\/4981\/revisions"}],"predecessor-version":[{"id":4985,"href":"https:\/\/ecomarketcolombia.com\/index.php\/wp-json\/wp\/v2\/product\/4981\/revisions\/4985"}],"wp:featuredmedia":[{"embeddable":true,"href":"https:\/\/ecomarketcolombia.com\/index.php\/wp-json\/wp\/v2\/media\/4984"}],"wp:attachment":[{"href":"https:\/\/ecomarketcolombia.com\/index.php\/wp-json\/wp\/v2\/media?parent=4981"}],"curies":[{"name":"wp","href":"https:\/\/api.w.org\/{rel}","templated":true}]}}