{"id":4986,"date":"2020-07-16T20:01:49","date_gmt":"2020-07-17T01:01:49","guid":{"rendered":"http:\/\/ecomarketcolombia.com\/?post_type=product&#038;p=4986"},"modified":"2020-07-22T22:24:29","modified_gmt":"2020-07-23T03:24:29","slug":"champusolidoylangylang","status":"publish","type":"product","link":"https:\/\/ecomarketcolombia.com\/index.php\/product\/champusolidoylangylang\/","title":{"rendered":"Champ\u00fa s\u00f3lido ylang ylang o arcilla verde"},"content":{"rendered":"","protected":false},"excerpt":{"rendered":"<p>Champ\u00fa s\u00f3lido natural de la marca Oiris, sin qu\u00edmicos ni aditivos t\u00f3xicos. Presentaci\u00f3n disponible de 40 gramos<\/p>\n","protected":false},"featured_media":4989,"comment_status":"closed","ping_status":"closed","template":"","meta":[],"class_list":["post-4986","product","type-product","status-publish","has-post-thumbnail","hentry","product_cat-cuidadopersonal","product_tag-40-gramos","product_tag-aseo","product_tag-comercio-justo","product_tag-corporal","product_tag-cuidado","product_tag-eco","product_tag-local","product_tag-natural","product_tag-natural-y-biodegradable","product_tag-personal","product_tag-saludable","product_tag-shampoo","product_tag-sin-quimicos","product_tag-solido","product_tag-ylang-ylang"],"_links":{"self":[{"href":"https:\/\/ecomarketcolombia.com\/index.php\/wp-json\/wp\/v2\/product\/4986","targetHints":{"allow":["GET"]}}],"collection":[{"href":"https:\/\/ecomarketcolombia.com\/index.php\/wp-json\/wp\/v2\/product"}],"about":[{"href":"https:\/\/ecomarketcolombia.com\/index.php\/wp-json\/wp\/v2\/types\/product"}],"replies":[{"embeddable":true,"href":"https:\/\/ecomarketcolombia.com\/index.php\/wp-json\/wp\/v2\/comments?post=4986"}],"version-history":[{"count":1,"href":"https:\/\/ecomarketcolombia.com\/index.php\/wp-json\/wp\/v2\/product\/4986\/revisions"}],"predecessor-version":[{"id":4990,"href":"https:\/\/ecomarketcolombia.com\/index.php\/wp-json\/wp\/v2\/product\/4986\/revisions\/4990"}],"wp:featuredmedia":[{"embeddable":true,"href":"https:\/\/ecomarketcolombia.com\/index.php\/wp-json\/wp\/v2\/media\/4989"}],"wp:attachment":[{"href":"https:\/\/ecomarketcolombia.com\/index.php\/wp-json\/wp\/v2\/media?parent=4986"}],"curies":[{"name":"wp","href":"https:\/\/api.w.org\/{rel}","templated":true}]}}