{"id":4991,"date":"2020-07-16T20:04:36","date_gmt":"2020-07-17T01:04:36","guid":{"rendered":"http:\/\/ecomarketcolombia.com\/?post_type=product&#038;p=4991"},"modified":"2020-07-22T22:23:00","modified_gmt":"2020-07-23T03:23:00","slug":"desodorantesolidoiris","status":"publish","type":"product","link":"https:\/\/ecomarketcolombia.com\/index.php\/product\/desodorantesolidoiris\/","title":{"rendered":"Desodorante s\u00f3lido"},"content":{"rendered":"","protected":false},"excerpt":{"rendered":"<p>Desodorante s\u00f3lido natural de la marca Oiris, sin qu\u00edmicos ni aditivos t\u00f3xicos. Presentaci\u00f3n disponible de 40 gramos<\/p>\n","protected":false},"featured_media":4994,"comment_status":"closed","ping_status":"closed","template":"","meta":[],"class_list":["post-4991","product","type-product","status-publish","has-post-thumbnail","hentry","product_cat-cuidadopersonal","product_tag-40-gramos","product_tag-aseo","product_tag-comercio-justo","product_tag-corporal","product_tag-cuidado","product_tag-desodorante","product_tag-eco","product_tag-local","product_tag-natural","product_tag-natural-y-biodegradable","product_tag-personal","product_tag-saludable","product_tag-sin-quimicos","product_tag-solido"],"_links":{"self":[{"href":"https:\/\/ecomarketcolombia.com\/index.php\/wp-json\/wp\/v2\/product\/4991","targetHints":{"allow":["GET"]}}],"collection":[{"href":"https:\/\/ecomarketcolombia.com\/index.php\/wp-json\/wp\/v2\/product"}],"about":[{"href":"https:\/\/ecomarketcolombia.com\/index.php\/wp-json\/wp\/v2\/types\/product"}],"replies":[{"embeddable":true,"href":"https:\/\/ecomarketcolombia.com\/index.php\/wp-json\/wp\/v2\/comments?post=4991"}],"version-history":[{"count":1,"href":"https:\/\/ecomarketcolombia.com\/index.php\/wp-json\/wp\/v2\/product\/4991\/revisions"}],"predecessor-version":[{"id":4995,"href":"https:\/\/ecomarketcolombia.com\/index.php\/wp-json\/wp\/v2\/product\/4991\/revisions\/4995"}],"wp:featuredmedia":[{"embeddable":true,"href":"https:\/\/ecomarketcolombia.com\/index.php\/wp-json\/wp\/v2\/media\/4994"}],"wp:attachment":[{"href":"https:\/\/ecomarketcolombia.com\/index.php\/wp-json\/wp\/v2\/media?parent=4991"}],"curies":[{"name":"wp","href":"https:\/\/api.w.org\/{rel}","templated":true}]}}