{"id":5001,"date":"2020-07-16T20:17:23","date_gmt":"2020-07-17T01:17:23","guid":{"rendered":"http:\/\/ecomarketcolombia.com\/?post_type=product&#038;p=5001"},"modified":"2020-07-22T23:39:36","modified_gmt":"2020-07-23T04:39:36","slug":"jabonorganicoparaafeitar","status":"publish","type":"product","link":"https:\/\/ecomarketcolombia.com\/index.php\/product\/jabonorganicoparaafeitar\/","title":{"rendered":"Jab\u00f3n org\u00e1nico para afeitar"},"content":{"rendered":"","protected":false},"excerpt":{"rendered":"<p>Jab\u00f3n org\u00e1nico para afeitar natural de la marca Oiris, sin qu\u00edmicos ni aditivos t\u00f3xicos. Presentaci\u00f3n disponible de 55 gramos<\/p>\n","protected":false},"featured_media":5082,"comment_status":"closed","ping_status":"closed","template":"","meta":[],"class_list":["post-5001","product","type-product","status-publish","has-post-thumbnail","hentry","product_cat-cuidadopersonal","product_tag-55-gramos","product_tag-aseo","product_tag-comercio-justo","product_tag-corporal","product_tag-cuidado","product_tag-desodorante","product_tag-eco","product_tag-jabon","product_tag-local","product_tag-masculino","product_tag-natural","product_tag-natural-y-biodegradable","product_tag-organico","product_tag-personal","product_tag-saludable","product_tag-sin-quimicos","product_tag-solido"],"_links":{"self":[{"href":"https:\/\/ecomarketcolombia.com\/index.php\/wp-json\/wp\/v2\/product\/5001","targetHints":{"allow":["GET"]}}],"collection":[{"href":"https:\/\/ecomarketcolombia.com\/index.php\/wp-json\/wp\/v2\/product"}],"about":[{"href":"https:\/\/ecomarketcolombia.com\/index.php\/wp-json\/wp\/v2\/types\/product"}],"replies":[{"embeddable":true,"href":"https:\/\/ecomarketcolombia.com\/index.php\/wp-json\/wp\/v2\/comments?post=5001"}],"version-history":[{"count":1,"href":"https:\/\/ecomarketcolombia.com\/index.php\/wp-json\/wp\/v2\/product\/5001\/revisions"}],"predecessor-version":[{"id":5005,"href":"https:\/\/ecomarketcolombia.com\/index.php\/wp-json\/wp\/v2\/product\/5001\/revisions\/5005"}],"wp:featuredmedia":[{"embeddable":true,"href":"https:\/\/ecomarketcolombia.com\/index.php\/wp-json\/wp\/v2\/media\/5082"}],"wp:attachment":[{"href":"https:\/\/ecomarketcolombia.com\/index.php\/wp-json\/wp\/v2\/media?parent=5001"}],"curies":[{"name":"wp","href":"https:\/\/api.w.org\/{rel}","templated":true}]}}