{"id":5011,"date":"2020-07-16T21:49:13","date_gmt":"2020-07-17T02:49:13","guid":{"rendered":"http:\/\/ecomarketcolombia.com\/?post_type=product&#038;p=5011"},"modified":"2020-07-22T23:37:07","modified_gmt":"2020-07-23T04:37:07","slug":"jabondesmaquillanteoiris","status":"publish","type":"product","link":"https:\/\/ecomarketcolombia.com\/index.php\/product\/jabondesmaquillanteoiris\/","title":{"rendered":"Jab\u00f3n desmaquillante y limpiador de rostro"},"content":{"rendered":"","protected":false},"excerpt":{"rendered":"<p>Jab\u00f3n desmaquillante espumoso natural de la marca Oiris, sin qu\u00edmicos ni aditivos t\u00f3xicos. Presentaci\u00f3n disponible de 25 gramos<\/p>\n","protected":false},"featured_media":5080,"comment_status":"closed","ping_status":"closed","template":"","meta":[],"class_list":["post-5011","product","type-product","status-publish","has-post-thumbnail","hentry","product_cat-cuidadopersonal","product_tag-25-gramos","product_tag-aseo","product_tag-comercio-justo","product_tag-cuidado","product_tag-desmaquillante","product_tag-eco","product_tag-espumoso","product_tag-facial","product_tag-femenino","product_tag-jabon","product_tag-local","product_tag-natural","product_tag-natural-y-biodegradable","product_tag-personal","product_tag-saludable","product_tag-sin-quimicos"],"_links":{"self":[{"href":"https:\/\/ecomarketcolombia.com\/index.php\/wp-json\/wp\/v2\/product\/5011","targetHints":{"allow":["GET"]}}],"collection":[{"href":"https:\/\/ecomarketcolombia.com\/index.php\/wp-json\/wp\/v2\/product"}],"about":[{"href":"https:\/\/ecomarketcolombia.com\/index.php\/wp-json\/wp\/v2\/types\/product"}],"replies":[{"embeddable":true,"href":"https:\/\/ecomarketcolombia.com\/index.php\/wp-json\/wp\/v2\/comments?post=5011"}],"version-history":[{"count":2,"href":"https:\/\/ecomarketcolombia.com\/index.php\/wp-json\/wp\/v2\/product\/5011\/revisions"}],"predecessor-version":[{"id":5032,"href":"https:\/\/ecomarketcolombia.com\/index.php\/wp-json\/wp\/v2\/product\/5011\/revisions\/5032"}],"wp:featuredmedia":[{"embeddable":true,"href":"https:\/\/ecomarketcolombia.com\/index.php\/wp-json\/wp\/v2\/media\/5080"}],"wp:attachment":[{"href":"https:\/\/ecomarketcolombia.com\/index.php\/wp-json\/wp\/v2\/media?parent=5011"}],"curies":[{"name":"wp","href":"https:\/\/api.w.org\/{rel}","templated":true}]}}