{"id":5038,"date":"2020-07-20T16:19:33","date_gmt":"2020-07-20T21:19:33","guid":{"rendered":"http:\/\/ecomarketcolombia.com\/?post_type=product&#038;p=5038"},"modified":"2020-07-22T23:32:53","modified_gmt":"2020-07-23T04:32:53","slug":"jabonexfoliantecafeycanela","status":"publish","type":"product","link":"https:\/\/ecomarketcolombia.com\/index.php\/product\/jabonexfoliantecafeycanela\/","title":{"rendered":"Jab\u00f3n exfoliante de caf\u00e9 y canela"},"content":{"rendered":"","protected":false},"excerpt":{"rendered":"<p>Jab\u00f3n natural para cuerpo exfoliante de caf\u00e9 y canela de la marca Oiris, sin qu\u00edmicos ni aditivos t\u00f3xicos. Presentaci\u00f3n disponible de 55 gramos<\/p>\n","protected":false},"featured_media":5078,"comment_status":"closed","ping_status":"closed","template":"","meta":[],"class_list":["post-5038","product","type-product","status-publish","has-post-thumbnail","hentry","product_cat-cuidadopersonal","product_tag-55-gramos","product_tag-aseo","product_tag-comercio-justo","product_tag-corpral","product_tag-cuidado","product_tag-eco","product_tag-exfoliante","product_tag-jabon","product_tag-local","product_tag-natural","product_tag-natural-y-biodegradable","product_tag-personal","product_tag-saludable","product_tag-sin-quimicos"],"_links":{"self":[{"href":"https:\/\/ecomarketcolombia.com\/index.php\/wp-json\/wp\/v2\/product\/5038","targetHints":{"allow":["GET"]}}],"collection":[{"href":"https:\/\/ecomarketcolombia.com\/index.php\/wp-json\/wp\/v2\/product"}],"about":[{"href":"https:\/\/ecomarketcolombia.com\/index.php\/wp-json\/wp\/v2\/types\/product"}],"replies":[{"embeddable":true,"href":"https:\/\/ecomarketcolombia.com\/index.php\/wp-json\/wp\/v2\/comments?post=5038"}],"version-history":[{"count":2,"href":"https:\/\/ecomarketcolombia.com\/index.php\/wp-json\/wp\/v2\/product\/5038\/revisions"}],"predecessor-version":[{"id":5043,"href":"https:\/\/ecomarketcolombia.com\/index.php\/wp-json\/wp\/v2\/product\/5038\/revisions\/5043"}],"wp:featuredmedia":[{"embeddable":true,"href":"https:\/\/ecomarketcolombia.com\/index.php\/wp-json\/wp\/v2\/media\/5078"}],"wp:attachment":[{"href":"https:\/\/ecomarketcolombia.com\/index.php\/wp-json\/wp\/v2\/media?parent=5038"}],"curies":[{"name":"wp","href":"https:\/\/api.w.org\/{rel}","templated":true}]}}