{"id":5044,"date":"2020-07-20T16:29:42","date_gmt":"2020-07-20T21:29:42","guid":{"rendered":"http:\/\/ecomarketcolombia.com\/?post_type=product&#038;p=5044"},"modified":"2020-07-22T23:30:31","modified_gmt":"2020-07-23T04:30:31","slug":"jabonorganicoavena","status":"publish","type":"product","link":"https:\/\/ecomarketcolombia.com\/index.php\/product\/jabonorganicoavena\/","title":{"rendered":"Jab\u00f3n org\u00e1nico avena"},"content":{"rendered":"","protected":false},"excerpt":{"rendered":"<p>Jab\u00f3n org\u00e1nico para cuerpo de avena de la marca Oiris, sin qu\u00edmicos ni aditivos t\u00f3xicos. Presentaci\u00f3n disponible de 90 gramos<\/p>\n","protected":false},"featured_media":5077,"comment_status":"closed","ping_status":"closed","template":"","meta":[],"class_list":["post-5044","product","type-product","status-publish","has-post-thumbnail","hentry","product_cat-cuidadopersonal","product_tag-90-gramos","product_tag-aseo","product_tag-comercio-justo","product_tag-corpral","product_tag-cuidado","product_tag-eco","product_tag-jabon","product_tag-local","product_tag-natural","product_tag-natural-y-biodegradable","product_tag-organico","product_tag-personal","product_tag-saludable","product_tag-sin-quimicos"],"_links":{"self":[{"href":"https:\/\/ecomarketcolombia.com\/index.php\/wp-json\/wp\/v2\/product\/5044","targetHints":{"allow":["GET"]}}],"collection":[{"href":"https:\/\/ecomarketcolombia.com\/index.php\/wp-json\/wp\/v2\/product"}],"about":[{"href":"https:\/\/ecomarketcolombia.com\/index.php\/wp-json\/wp\/v2\/types\/product"}],"replies":[{"embeddable":true,"href":"https:\/\/ecomarketcolombia.com\/index.php\/wp-json\/wp\/v2\/comments?post=5044"}],"version-history":[{"count":1,"href":"https:\/\/ecomarketcolombia.com\/index.php\/wp-json\/wp\/v2\/product\/5044\/revisions"}],"predecessor-version":[{"id":5048,"href":"https:\/\/ecomarketcolombia.com\/index.php\/wp-json\/wp\/v2\/product\/5044\/revisions\/5048"}],"wp:featuredmedia":[{"embeddable":true,"href":"https:\/\/ecomarketcolombia.com\/index.php\/wp-json\/wp\/v2\/media\/5077"}],"wp:attachment":[{"href":"https:\/\/ecomarketcolombia.com\/index.php\/wp-json\/wp\/v2\/media?parent=5044"}],"curies":[{"name":"wp","href":"https:\/\/api.w.org\/{rel}","templated":true}]}}