{"id":5098,"date":"2020-07-23T14:11:27","date_gmt":"2020-07-23T19:11:27","guid":{"rendered":"http:\/\/ecomarketcolombia.com\/?post_type=product&#038;p=5098"},"modified":"2020-07-23T14:13:28","modified_gmt":"2020-07-23T19:13:28","slug":"jabonorganicococo","status":"publish","type":"product","link":"https:\/\/ecomarketcolombia.com\/index.php\/product\/jabonorganicococo\/","title":{"rendered":"Jab\u00f3n org\u00e1nico coco"},"content":{"rendered":"","protected":false},"excerpt":{"rendered":"<p>Jab\u00f3n org\u00e1nico para cuerpo de avena de la marca Oiris, sin qu\u00edmicos ni aditivos t\u00f3xicos. Presentaci\u00f3n disponible de 90 gramos<\/p>\n","protected":false},"featured_media":5101,"comment_status":"closed","ping_status":"closed","template":"","meta":[],"class_list":["post-5098","product","type-product","status-publish","has-post-thumbnail","hentry","product_cat-cuidadopersonal","product_tag-90-gramos","product_tag-aseo","product_tag-comercio-justo","product_tag-corpral","product_tag-cuidado","product_tag-eco","product_tag-jabon","product_tag-local","product_tag-natural","product_tag-natural-y-biodegradable","product_tag-organico","product_tag-personal","product_tag-saludable","product_tag-sin-quimicos"],"_links":{"self":[{"href":"https:\/\/ecomarketcolombia.com\/index.php\/wp-json\/wp\/v2\/product\/5098","targetHints":{"allow":["GET"]}}],"collection":[{"href":"https:\/\/ecomarketcolombia.com\/index.php\/wp-json\/wp\/v2\/product"}],"about":[{"href":"https:\/\/ecomarketcolombia.com\/index.php\/wp-json\/wp\/v2\/types\/product"}],"replies":[{"embeddable":true,"href":"https:\/\/ecomarketcolombia.com\/index.php\/wp-json\/wp\/v2\/comments?post=5098"}],"version-history":[{"count":1,"href":"https:\/\/ecomarketcolombia.com\/index.php\/wp-json\/wp\/v2\/product\/5098\/revisions"}],"predecessor-version":[{"id":5102,"href":"https:\/\/ecomarketcolombia.com\/index.php\/wp-json\/wp\/v2\/product\/5098\/revisions\/5102"}],"wp:featuredmedia":[{"embeddable":true,"href":"https:\/\/ecomarketcolombia.com\/index.php\/wp-json\/wp\/v2\/media\/5101"}],"wp:attachment":[{"href":"https:\/\/ecomarketcolombia.com\/index.php\/wp-json\/wp\/v2\/media?parent=5098"}],"curies":[{"name":"wp","href":"https:\/\/api.w.org\/{rel}","templated":true}]}}