{"id":5119,"date":"2020-07-23T15:24:10","date_gmt":"2020-07-23T20:24:10","guid":{"rendered":"http:\/\/ecomarketcolombia.com\/?post_type=product&#038;p=5119"},"modified":"2020-07-23T15:34:33","modified_gmt":"2020-07-23T20:34:33","slug":"jabonnaturalaguamarina","status":"publish","type":"product","link":"https:\/\/ecomarketcolombia.com\/index.php\/product\/jabonnaturalaguamarina\/","title":{"rendered":"Jab\u00f3n natural aguamarina"},"content":{"rendered":"","protected":false},"excerpt":{"rendered":"<p>Fe, Protecci\u00f3n y Voluntad<\/p>\n<p>Jab\u00f3n natural, hipoalerg\u00e9nico, para uso facial y corporal, sin fragancias artificiales, colorantes sint\u00e9ticos ni preservantes. Es un jab\u00f3n que est\u00e1 elaborado con Sal de mar de Manaure, enriquecido con aceite de oliva y aceites esenciales de Menta, cedro y salvia, as\u00ed como esencias florales de Bach<\/p>\n","protected":false},"featured_media":5124,"comment_status":"closed","ping_status":"closed","template":"","meta":[],"class_list":["post-5119","product","type-product","status-publish","has-post-thumbnail","hentry","product_cat-cuidadopersonal","product_tag-135gr","product_tag-aseo","product_tag-comercio-justo","product_tag-corpral","product_tag-cuidado","product_tag-eco","product_tag-fe","product_tag-jabon","product_tag-local","product_tag-natural","product_tag-organico","product_tag-personal","product_tag-proteccion","product_tag-saludable","product_tag-sin-quimicos","product_tag-terragua","product_tag-voluntad"],"_links":{"self":[{"href":"https:\/\/ecomarketcolombia.com\/index.php\/wp-json\/wp\/v2\/product\/5119","targetHints":{"allow":["GET"]}}],"collection":[{"href":"https:\/\/ecomarketcolombia.com\/index.php\/wp-json\/wp\/v2\/product"}],"about":[{"href":"https:\/\/ecomarketcolombia.com\/index.php\/wp-json\/wp\/v2\/types\/product"}],"replies":[{"embeddable":true,"href":"https:\/\/ecomarketcolombia.com\/index.php\/wp-json\/wp\/v2\/comments?post=5119"}],"version-history":[{"count":1,"href":"https:\/\/ecomarketcolombia.com\/index.php\/wp-json\/wp\/v2\/product\/5119\/revisions"}],"predecessor-version":[{"id":5123,"href":"https:\/\/ecomarketcolombia.com\/index.php\/wp-json\/wp\/v2\/product\/5119\/revisions\/5123"}],"wp:featuredmedia":[{"embeddable":true,"href":"https:\/\/ecomarketcolombia.com\/index.php\/wp-json\/wp\/v2\/media\/5124"}],"wp:attachment":[{"href":"https:\/\/ecomarketcolombia.com\/index.php\/wp-json\/wp\/v2\/media?parent=5119"}],"curies":[{"name":"wp","href":"https:\/\/api.w.org\/{rel}","templated":true}]}}