{"id":5125,"date":"2020-07-23T15:34:40","date_gmt":"2020-07-23T20:34:40","guid":{"rendered":"http:\/\/ecomarketcolombia.com\/?post_type=product&#038;p=5125"},"modified":"2020-07-23T15:48:01","modified_gmt":"2020-07-23T20:48:01","slug":"jabonnaturalelementals","status":"publish","type":"product","link":"https:\/\/ecomarketcolombia.com\/index.php\/product\/jabonnaturalelementals\/","title":{"rendered":"Jab\u00f3n natural elementals"},"content":{"rendered":"","protected":false},"excerpt":{"rendered":"<p>Limpieza Energ\u00e9tica y\u00a0 Salud<\/p>\n<p>Jab\u00f3n natural, hipoalerg\u00e9nico, para uso facial y corporal, sin fragancias artificiales, colorantes sint\u00e9ticos ni preservantes. El jab\u00f3n\u00a0 est\u00e1 elaborado con plantas \u00abamargas\u00bb, romero, ruda, altamisa, ajenjo y bret\u00f3nica, enriquecido con aceite de oliva y aceites esenciales de Romero, benju\u00ed, eucalipto, niaoli y esencias florales de Bach.<\/p>\n<p>Presentaci\u00f3n por 135 gramos<\/p>\n","protected":false},"featured_media":5128,"comment_status":"closed","ping_status":"closed","template":"","meta":[],"class_list":["post-5125","product","type-product","status-publish","has-post-thumbnail","hentry","product_cat-cuidadopersonal","product_tag-135gr","product_tag-aseo","product_tag-comercio-justo","product_tag-corpral","product_tag-cuidado","product_tag-eco","product_tag-elementals","product_tag-hipoalergenico","product_tag-jabon","product_tag-limpieza-energetica","product_tag-local","product_tag-natural","product_tag-organico","product_tag-personal","product_tag-salud","product_tag-saludable","product_tag-sin-quimicos","product_tag-terragua"],"_links":{"self":[{"href":"https:\/\/ecomarketcolombia.com\/index.php\/wp-json\/wp\/v2\/product\/5125","targetHints":{"allow":["GET"]}}],"collection":[{"href":"https:\/\/ecomarketcolombia.com\/index.php\/wp-json\/wp\/v2\/product"}],"about":[{"href":"https:\/\/ecomarketcolombia.com\/index.php\/wp-json\/wp\/v2\/types\/product"}],"replies":[{"embeddable":true,"href":"https:\/\/ecomarketcolombia.com\/index.php\/wp-json\/wp\/v2\/comments?post=5125"}],"version-history":[{"count":1,"href":"https:\/\/ecomarketcolombia.com\/index.php\/wp-json\/wp\/v2\/product\/5125\/revisions"}],"predecessor-version":[{"id":5129,"href":"https:\/\/ecomarketcolombia.com\/index.php\/wp-json\/wp\/v2\/product\/5125\/revisions\/5129"}],"wp:featuredmedia":[{"embeddable":true,"href":"https:\/\/ecomarketcolombia.com\/index.php\/wp-json\/wp\/v2\/media\/5128"}],"wp:attachment":[{"href":"https:\/\/ecomarketcolombia.com\/index.php\/wp-json\/wp\/v2\/media?parent=5125"}],"curies":[{"name":"wp","href":"https:\/\/api.w.org\/{rel}","templated":true}]}}