{"id":5130,"date":"2020-07-23T15:48:23","date_gmt":"2020-07-23T20:48:23","guid":{"rendered":"http:\/\/ecomarketcolombia.com\/?post_type=product&#038;p=5130"},"modified":"2020-07-23T16:27:52","modified_gmt":"2020-07-23T21:27:52","slug":"jabonnaturalfloweressences","status":"publish","type":"product","link":"https:\/\/ecomarketcolombia.com\/index.php\/product\/jabonnaturalfloweressences\/","title":{"rendered":"Jab\u00f3n natural energ\u00eda y vitalidad"},"content":{"rendered":"","protected":false},"excerpt":{"rendered":"<p>Energ\u00eda y Vitalidad<\/p>\n<p>Jab\u00f3n natural, hipoalerg\u00e9nico, para uso facial y corporal, sin fragancias artificiales, colorantes sint\u00e9ticos ni preservantes. El jab\u00f3n\u00a0 est\u00e1 elaborado con c\u00edtricos y una mezcla de aceites de origen vegetal y aceites esenciales de naranja, lima, litsea cubeba y niaoli, as\u00ed como esencias florales que trabajan sobre nuestra energ\u00eda vibratoria, mejorando nuestro \u00e1nimo y elevando nuestra energ\u00eda vital.<\/p>\n<p>Presentaci\u00f3n por 135 gramos<\/p>\n","protected":false},"featured_media":5137,"comment_status":"closed","ping_status":"closed","template":"","meta":[],"class_list":["post-5130","product","type-product","status-publish","has-post-thumbnail","hentry","product_cat-cuidadopersonal","product_tag-135gr","product_tag-aceites-escenciales","product_tag-aromaterapia","product_tag-aseo","product_tag-comercio-justo","product_tag-corpral","product_tag-cuidado","product_tag-eco","product_tag-energia-y-vitalidad","product_tag-flower-essences","product_tag-handmade","product_tag-hipoalergenico","product_tag-jabon","product_tag-local","product_tag-natural","product_tag-organico","product_tag-personal","product_tag-salud","product_tag-saludable","product_tag-sin-quimicos","product_tag-terragua","product_tag-transformacion"],"_links":{"self":[{"href":"https:\/\/ecomarketcolombia.com\/index.php\/wp-json\/wp\/v2\/product\/5130","targetHints":{"allow":["GET"]}}],"collection":[{"href":"https:\/\/ecomarketcolombia.com\/index.php\/wp-json\/wp\/v2\/product"}],"about":[{"href":"https:\/\/ecomarketcolombia.com\/index.php\/wp-json\/wp\/v2\/types\/product"}],"replies":[{"embeddable":true,"href":"https:\/\/ecomarketcolombia.com\/index.php\/wp-json\/wp\/v2\/comments?post=5130"}],"version-history":[{"count":6,"href":"https:\/\/ecomarketcolombia.com\/index.php\/wp-json\/wp\/v2\/product\/5130\/revisions"}],"predecessor-version":[{"id":5149,"href":"https:\/\/ecomarketcolombia.com\/index.php\/wp-json\/wp\/v2\/product\/5130\/revisions\/5149"}],"wp:featuredmedia":[{"embeddable":true,"href":"https:\/\/ecomarketcolombia.com\/index.php\/wp-json\/wp\/v2\/media\/5137"}],"wp:attachment":[{"href":"https:\/\/ecomarketcolombia.com\/index.php\/wp-json\/wp\/v2\/media?parent=5130"}],"curies":[{"name":"wp","href":"https:\/\/api.w.org\/{rel}","templated":true}]}}