{"id":5139,"date":"2020-07-23T15:57:45","date_gmt":"2020-07-23T20:57:45","guid":{"rendered":"http:\/\/ecomarketcolombia.com\/?post_type=product&#038;p=5139"},"modified":"2020-07-23T16:00:01","modified_gmt":"2020-07-23T21:00:01","slug":"jabonnaturalevolution","status":"publish","type":"product","link":"https:\/\/ecomarketcolombia.com\/index.php\/product\/jabonnaturalevolution\/","title":{"rendered":"Jab\u00f3n natural evolution"},"content":{"rendered":"","protected":false},"excerpt":{"rendered":"<p>Cambios y Transformaci\u00f3n<\/p>\n<p>Jab\u00f3n natural, hipoalerg\u00e9nico, para uso facial y corporal, sin fragancias artificiales, colorantes sint\u00e9ticos ni preservantes. El jab\u00f3n\u00a0 est\u00e1 elaborado con agr\u00e1z y jengibre, enriquecido con aceite de oliva y cuenta en su formulaci\u00f3n con aceites esenciales de Romero, mejorana, cedro atlas de marruecos y esencias florales de Bach.<\/p>\n<p>Presentaci\u00f3n por 135 gramos<\/p>\n","protected":false},"featured_media":5133,"comment_status":"closed","ping_status":"closed","template":"","meta":[],"class_list":["post-5139","product","type-product","status-publish","has-post-thumbnail","hentry","product_cat-cuidadopersonal","product_tag-135gr","product_tag-aceites-escenciales","product_tag-aromaterapia","product_tag-aseo","product_tag-comercio-justo","product_tag-corpral","product_tag-cuidado","product_tag-eco","product_tag-energia-y-vitalidad","product_tag-evolution","product_tag-handmade","product_tag-hipoalergenico","product_tag-jabon","product_tag-local","product_tag-natural","product_tag-organico","product_tag-personal","product_tag-salud","product_tag-saludable","product_tag-sin-quimicos","product_tag-terragua","product_tag-transformacion"],"_links":{"self":[{"href":"https:\/\/ecomarketcolombia.com\/index.php\/wp-json\/wp\/v2\/product\/5139","targetHints":{"allow":["GET"]}}],"collection":[{"href":"https:\/\/ecomarketcolombia.com\/index.php\/wp-json\/wp\/v2\/product"}],"about":[{"href":"https:\/\/ecomarketcolombia.com\/index.php\/wp-json\/wp\/v2\/types\/product"}],"replies":[{"embeddable":true,"href":"https:\/\/ecomarketcolombia.com\/index.php\/wp-json\/wp\/v2\/comments?post=5139"}],"version-history":[{"count":1,"href":"https:\/\/ecomarketcolombia.com\/index.php\/wp-json\/wp\/v2\/product\/5139\/revisions"}],"predecessor-version":[{"id":5142,"href":"https:\/\/ecomarketcolombia.com\/index.php\/wp-json\/wp\/v2\/product\/5139\/revisions\/5142"}],"wp:featuredmedia":[{"embeddable":true,"href":"https:\/\/ecomarketcolombia.com\/index.php\/wp-json\/wp\/v2\/media\/5133"}],"wp:attachment":[{"href":"https:\/\/ecomarketcolombia.com\/index.php\/wp-json\/wp\/v2\/media?parent=5139"}],"curies":[{"name":"wp","href":"https:\/\/api.w.org\/{rel}","templated":true}]}}