{"id":5155,"date":"2020-07-23T16:42:38","date_gmt":"2020-07-23T21:42:38","guid":{"rendered":"http:\/\/ecomarketcolombia.com\/?post_type=product&#038;p=5155"},"modified":"2020-07-23T16:47:58","modified_gmt":"2020-07-23T21:47:58","slug":"jabonnaturalharmony","status":"publish","type":"product","link":"https:\/\/ecomarketcolombia.com\/index.php\/product\/jabonnaturalharmony\/","title":{"rendered":"Jab\u00f3n natural harmony"},"content":{"rendered":"","protected":false},"excerpt":{"rendered":"<p>Gratitud y Retribuci\u00f3n<\/p>\n<p>Jab\u00f3n natural, hipoalerg\u00e9nico, para uso facial y corporal, sin fragancias artificiales, colorantes sint\u00e9ticos ni preservantes. El jab\u00f3n est\u00e1 elaborado con una mezcla de plantas dulces, hierbabuena, albahaca, cidr\u00f3n, aceite de oliva y aceites esenciales de limonaria, albahaca, y mejorana.<br \/>\nLas propiedades energe\u0301ticas y aromatol\u00f3gicas de sus ingredientes llevan balance y armoni\u0301a a nuestro cuerpo y nuestra mente.<\/p>\n<p>Presentaci\u00f3n por 135 gramos<\/p>\n","protected":false},"featured_media":5158,"comment_status":"closed","ping_status":"closed","template":"","meta":[],"class_list":["post-5155","product","type-product","status-publish","has-post-thumbnail","hentry","product_cat-cuidadopersonal","product_tag-135gr","product_tag-aceites-escenciales","product_tag-aromaterapia","product_tag-aseo","product_tag-comercio-justo","product_tag-corporal","product_tag-cuidado","product_tag-eco","product_tag-energetica","product_tag-handmade","product_tag-harmony","product_tag-hipoalergenico","product_tag-jabon","product_tag-local","product_tag-natural","product_tag-organico","product_tag-personal","product_tag-salud","product_tag-saludable","product_tag-sin-quimicos","product_tag-terragua"],"_links":{"self":[{"href":"https:\/\/ecomarketcolombia.com\/index.php\/wp-json\/wp\/v2\/product\/5155","targetHints":{"allow":["GET"]}}],"collection":[{"href":"https:\/\/ecomarketcolombia.com\/index.php\/wp-json\/wp\/v2\/product"}],"about":[{"href":"https:\/\/ecomarketcolombia.com\/index.php\/wp-json\/wp\/v2\/types\/product"}],"replies":[{"embeddable":true,"href":"https:\/\/ecomarketcolombia.com\/index.php\/wp-json\/wp\/v2\/comments?post=5155"}],"version-history":[{"count":1,"href":"https:\/\/ecomarketcolombia.com\/index.php\/wp-json\/wp\/v2\/product\/5155\/revisions"}],"predecessor-version":[{"id":5159,"href":"https:\/\/ecomarketcolombia.com\/index.php\/wp-json\/wp\/v2\/product\/5155\/revisions\/5159"}],"wp:featuredmedia":[{"embeddable":true,"href":"https:\/\/ecomarketcolombia.com\/index.php\/wp-json\/wp\/v2\/media\/5158"}],"wp:attachment":[{"href":"https:\/\/ecomarketcolombia.com\/index.php\/wp-json\/wp\/v2\/media?parent=5155"}],"curies":[{"name":"wp","href":"https:\/\/api.w.org\/{rel}","templated":true}]}}