{"id":5160,"date":"2020-07-23T16:48:38","date_gmt":"2020-07-23T21:48:38","guid":{"rendered":"http:\/\/ecomarketcolombia.com\/?post_type=product&#038;p=5160"},"modified":"2020-07-23T16:52:11","modified_gmt":"2020-07-23T21:52:11","slug":"jabonnaturalprosperity","status":"publish","type":"product","link":"https:\/\/ecomarketcolombia.com\/index.php\/product\/jabonnaturalprosperity\/","title":{"rendered":"Jab\u00f3n natural prosperity"},"content":{"rendered":"","protected":false},"excerpt":{"rendered":"<p>Prosperidad y Abundancia<\/p>\n<p>Jab\u00f3n natural, hipoalerg\u00e9nico, para uso facial y corporal, sin fragancias artificiales, colorantes sint\u00e9ticos ni preservantes. El jab\u00f3n est\u00e1 elaborado con Naranja y Mandarina, enriquecido con aceite de oliva y cuenta en su formulaci\u00f3n con aceites esenciales de Bergamota, toronja, naranja y citronela, adem\u00e1s de esencias florales de Bach.<\/p>\n<p>Presentaci\u00f3n por 135 gramos<\/p>\n","protected":false},"featured_media":5163,"comment_status":"closed","ping_status":"closed","template":"","meta":[],"class_list":["post-5160","product","type-product","status-publish","has-post-thumbnail","hentry","product_cat-cuidadopersonal","product_tag-135gr","product_tag-aceites-escenciales","product_tag-aromaterapia","product_tag-aseo","product_tag-comercio-justo","product_tag-corporal","product_tag-cuidado","product_tag-eco","product_tag-energetica","product_tag-handmade","product_tag-hipoalergenico","product_tag-jabon","product_tag-local","product_tag-natural","product_tag-organico","product_tag-personal","product_tag-prosperity","product_tag-salud","product_tag-saludable","product_tag-sin-quimicos","product_tag-terragua"],"_links":{"self":[{"href":"https:\/\/ecomarketcolombia.com\/index.php\/wp-json\/wp\/v2\/product\/5160","targetHints":{"allow":["GET"]}}],"collection":[{"href":"https:\/\/ecomarketcolombia.com\/index.php\/wp-json\/wp\/v2\/product"}],"about":[{"href":"https:\/\/ecomarketcolombia.com\/index.php\/wp-json\/wp\/v2\/types\/product"}],"replies":[{"embeddable":true,"href":"https:\/\/ecomarketcolombia.com\/index.php\/wp-json\/wp\/v2\/comments?post=5160"}],"version-history":[{"count":1,"href":"https:\/\/ecomarketcolombia.com\/index.php\/wp-json\/wp\/v2\/product\/5160\/revisions"}],"predecessor-version":[{"id":5164,"href":"https:\/\/ecomarketcolombia.com\/index.php\/wp-json\/wp\/v2\/product\/5160\/revisions\/5164"}],"wp:featuredmedia":[{"embeddable":true,"href":"https:\/\/ecomarketcolombia.com\/index.php\/wp-json\/wp\/v2\/media\/5163"}],"wp:attachment":[{"href":"https:\/\/ecomarketcolombia.com\/index.php\/wp-json\/wp\/v2\/media?parent=5160"}],"curies":[{"name":"wp","href":"https:\/\/api.w.org\/{rel}","templated":true}]}}