{"id":5165,"date":"2020-07-23T16:52:53","date_gmt":"2020-07-23T21:52:53","guid":{"rendered":"http:\/\/ecomarketcolombia.com\/?post_type=product&#038;p=5165"},"modified":"2020-07-23T17:00:26","modified_gmt":"2020-07-23T22:00:26","slug":"jabonnaturalreconexion","status":"publish","type":"product","link":"https:\/\/ecomarketcolombia.com\/index.php\/product\/jabonnaturalreconexion\/","title":{"rendered":"Jab\u00f3n natural reconexi\u00f3n"},"content":{"rendered":"","protected":false},"excerpt":{"rendered":"<p>Linaje y Prop\u00f3sito de Vida<\/p>\n<p>Jab\u00f3n natural, hipoalerg\u00e9nico, para uso facial y corporal, sin fragancias artificiales, colorantes sint\u00e9ticos ni preservantes. El jab\u00f3n est\u00e1 elaborado con arcillas de R\u00e1quira (Boyac\u00e1) con aceite de oliva y aceites esenciales de jengibre, pachul\u00ed, y naranja<\/p>\n<p>Presentaci\u00f3n por 135 gramos<\/p>\n","protected":false},"featured_media":5172,"comment_status":"closed","ping_status":"closed","template":"","meta":[],"class_list":["post-5165","product","type-product","status-publish","has-post-thumbnail","hentry","product_cat-cuidadopersonal","product_tag-135gr","product_tag-aceites-escenciales","product_tag-aromaterapia","product_tag-aseo","product_tag-comercio-justo","product_tag-corporal","product_tag-cuidado","product_tag-eco","product_tag-energetica","product_tag-handmade","product_tag-hipoalergenico","product_tag-jabon","product_tag-local","product_tag-natural","product_tag-organico","product_tag-personal","product_tag-reconexion","product_tag-salud","product_tag-saludable","product_tag-sin-quimicos","product_tag-terragua"],"_links":{"self":[{"href":"https:\/\/ecomarketcolombia.com\/index.php\/wp-json\/wp\/v2\/product\/5165","targetHints":{"allow":["GET"]}}],"collection":[{"href":"https:\/\/ecomarketcolombia.com\/index.php\/wp-json\/wp\/v2\/product"}],"about":[{"href":"https:\/\/ecomarketcolombia.com\/index.php\/wp-json\/wp\/v2\/types\/product"}],"replies":[{"embeddable":true,"href":"https:\/\/ecomarketcolombia.com\/index.php\/wp-json\/wp\/v2\/comments?post=5165"}],"version-history":[{"count":1,"href":"https:\/\/ecomarketcolombia.com\/index.php\/wp-json\/wp\/v2\/product\/5165\/revisions"}],"predecessor-version":[{"id":5171,"href":"https:\/\/ecomarketcolombia.com\/index.php\/wp-json\/wp\/v2\/product\/5165\/revisions\/5171"}],"wp:featuredmedia":[{"embeddable":true,"href":"https:\/\/ecomarketcolombia.com\/index.php\/wp-json\/wp\/v2\/media\/5172"}],"wp:attachment":[{"href":"https:\/\/ecomarketcolombia.com\/index.php\/wp-json\/wp\/v2\/media?parent=5165"}],"curies":[{"name":"wp","href":"https:\/\/api.w.org\/{rel}","templated":true}]}}