{"id":5180,"date":"2020-07-23T17:13:02","date_gmt":"2020-07-23T22:13:02","guid":{"rendered":"http:\/\/ecomarketcolombia.com\/?post_type=product&#038;p=5180"},"modified":"2020-07-23T17:22:29","modified_gmt":"2020-07-23T22:22:29","slug":"jabonnaturalserenity","status":"publish","type":"product","link":"https:\/\/ecomarketcolombia.com\/index.php\/product\/jabonnaturalserenity\/","title":{"rendered":"Jab\u00f3n natural serenity"},"content":{"rendered":"","protected":false},"excerpt":{"rendered":"<p>Relajaci\u00f3n y Paz Interior<\/p>\n<p>Jab\u00f3n natural, hipoalerg\u00e9nico, para uso facial y corporal, sin fragancias artificiales, colorantes sint\u00e9ticos ni preservantes. El jab\u00f3n est\u00e1 elaborado con Lavanda, valeriana, y Toronjil.\u00a0 Enriquecido con aceite de oliva y cuenta en su formulaci\u00f3n con aceites esenciales de Pomegranate, Lavanda fina, coriandro y melissa, ademas de una mezcla de esencias florales de Bach.<\/p>\n<p>Elaborado con el propo\u0301sito de crear en nuestra vida espacios de tranquilidad y serenidad propicios para la meditacio\u0301n, la conexio\u0301n con nuestro interior y el descanso<\/p>\n<p>Presentaci\u00f3n por 135 gramos<\/p>\n","protected":false},"featured_media":5183,"comment_status":"closed","ping_status":"closed","template":"","meta":[],"class_list":["post-5180","product","type-product","status-publish","has-post-thumbnail","hentry","product_cat-cuidadopersonal","product_tag-135gr","product_tag-aceites-escenciales","product_tag-aromaterapia","product_tag-aseo","product_tag-comercio-justo","product_tag-corporal","product_tag-cuidado","product_tag-eco","product_tag-energetica","product_tag-handmade","product_tag-hipoalergenico","product_tag-jabon","product_tag-local","product_tag-natural","product_tag-organico","product_tag-personal","product_tag-salud","product_tag-saludable","product_tag-serenity","product_tag-sin-quimicos","product_tag-terragua"],"_links":{"self":[{"href":"https:\/\/ecomarketcolombia.com\/index.php\/wp-json\/wp\/v2\/product\/5180","targetHints":{"allow":["GET"]}}],"collection":[{"href":"https:\/\/ecomarketcolombia.com\/index.php\/wp-json\/wp\/v2\/product"}],"about":[{"href":"https:\/\/ecomarketcolombia.com\/index.php\/wp-json\/wp\/v2\/types\/product"}],"replies":[{"embeddable":true,"href":"https:\/\/ecomarketcolombia.com\/index.php\/wp-json\/wp\/v2\/comments?post=5180"}],"version-history":[{"count":2,"href":"https:\/\/ecomarketcolombia.com\/index.php\/wp-json\/wp\/v2\/product\/5180\/revisions"}],"predecessor-version":[{"id":5190,"href":"https:\/\/ecomarketcolombia.com\/index.php\/wp-json\/wp\/v2\/product\/5180\/revisions\/5190"}],"wp:featuredmedia":[{"embeddable":true,"href":"https:\/\/ecomarketcolombia.com\/index.php\/wp-json\/wp\/v2\/media\/5183"}],"wp:attachment":[{"href":"https:\/\/ecomarketcolombia.com\/index.php\/wp-json\/wp\/v2\/media?parent=5180"}],"curies":[{"name":"wp","href":"https:\/\/api.w.org\/{rel}","templated":true}]}}