{"id":5199,"date":"2020-07-23T21:51:15","date_gmt":"2020-07-24T02:51:15","guid":{"rendered":"http:\/\/ecomarketcolombia.com\/?post_type=product&#038;p=5199"},"modified":"2020-08-09T23:04:56","modified_gmt":"2020-08-10T04:04:56","slug":"mielcafe","status":"publish","type":"product","link":"https:\/\/ecomarketcolombia.com\/index.php\/product\/mielcafe\/","title":{"rendered":"Miel infusionada con caf\u00e9"},"content":{"rendered":"","protected":false},"excerpt":{"rendered":"<p>Miel de abejas infusionada con el delicioso caf\u00e9 org\u00e1nico de la Serran\u00eda del Perij\u00e1, lo que le aporta a la miel un sutil toque acaramelado, notas c\u00edtricas y cacao.Disponible en\u00a0 presentaciones de 230 gramos<\/p>\n","protected":false},"featured_media":5202,"comment_status":"closed","ping_status":"closed","template":"","meta":[],"class_list":["post-5199","product","type-product","status-publish","has-post-thumbnail","hentry","product_cat-endulzantes","product_tag-abeeja","product_tag-abejas","product_tag-colombiano","product_tag-comercio-justo","product_tag-eco","product_tag-ecologico","product_tag-endulzante","product_tag-gastronomia","product_tag-local","product_tag-miel","product_tag-miel-y-cacao","product_tag-natural","product_tag-polen","product_tag-preparaciones","product_tag-saludable","product_tag-snacks","product_tag-super"],"_links":{"self":[{"href":"https:\/\/ecomarketcolombia.com\/index.php\/wp-json\/wp\/v2\/product\/5199","targetHints":{"allow":["GET"]}}],"collection":[{"href":"https:\/\/ecomarketcolombia.com\/index.php\/wp-json\/wp\/v2\/product"}],"about":[{"href":"https:\/\/ecomarketcolombia.com\/index.php\/wp-json\/wp\/v2\/types\/product"}],"replies":[{"embeddable":true,"href":"https:\/\/ecomarketcolombia.com\/index.php\/wp-json\/wp\/v2\/comments?post=5199"}],"version-history":[{"count":1,"href":"https:\/\/ecomarketcolombia.com\/index.php\/wp-json\/wp\/v2\/product\/5199\/revisions"}],"predecessor-version":[{"id":5210,"href":"https:\/\/ecomarketcolombia.com\/index.php\/wp-json\/wp\/v2\/product\/5199\/revisions\/5210"}],"wp:featuredmedia":[{"embeddable":true,"href":"https:\/\/ecomarketcolombia.com\/index.php\/wp-json\/wp\/v2\/media\/5202"}],"wp:attachment":[{"href":"https:\/\/ecomarketcolombia.com\/index.php\/wp-json\/wp\/v2\/media?parent=5199"}],"curies":[{"name":"wp","href":"https:\/\/api.w.org\/{rel}","templated":true}]}}