{"id":5223,"date":"2020-07-23T22:13:32","date_gmt":"2020-07-24T03:13:32","guid":{"rendered":"http:\/\/ecomarketcolombia.com\/?post_type=product&#038;p=5223"},"modified":"2020-08-09T22:57:02","modified_gmt":"2020-08-10T03:57:02","slug":"mielcremalimonjengibre","status":"publish","type":"product","link":"https:\/\/ecomarketcolombia.com\/index.php\/product\/mielcremalimonjengibre\/","title":{"rendered":"Miel cremada de lim\u00f3n y jengibre"},"content":{"rendered":"","protected":false},"excerpt":{"rendered":"<p>Miel de abejas pura cremada de lim\u00f3n y jengibre es sometida a un proceso de batido especial donde se rompen los cristales y se transforma a una textura a\u00fan m\u00e1s densa, cremosa y s\u00f3lida. Presentaciones de 230 y 390 gramos<\/p>\n","protected":false},"featured_media":5206,"comment_status":"closed","ping_status":"closed","template":"","meta":[],"class_list":["post-5223","product","type-product","status-publish","has-post-thumbnail","hentry","product_cat-endulzantes","product_tag-abeeja","product_tag-abejas","product_tag-colombiano","product_tag-comercio-justo","product_tag-cremada","product_tag-eco","product_tag-ecologico","product_tag-endulzante","product_tag-gastronomia","product_tag-jengibre","product_tag-limon","product_tag-local","product_tag-miel","product_tag-natural","product_tag-polen","product_tag-preparaciones","product_tag-saludable","product_tag-snacks","product_tag-super"],"_links":{"self":[{"href":"https:\/\/ecomarketcolombia.com\/index.php\/wp-json\/wp\/v2\/product\/5223","targetHints":{"allow":["GET"]}}],"collection":[{"href":"https:\/\/ecomarketcolombia.com\/index.php\/wp-json\/wp\/v2\/product"}],"about":[{"href":"https:\/\/ecomarketcolombia.com\/index.php\/wp-json\/wp\/v2\/types\/product"}],"replies":[{"embeddable":true,"href":"https:\/\/ecomarketcolombia.com\/index.php\/wp-json\/wp\/v2\/comments?post=5223"}],"version-history":[{"count":1,"href":"https:\/\/ecomarketcolombia.com\/index.php\/wp-json\/wp\/v2\/product\/5223\/revisions"}],"predecessor-version":[{"id":5226,"href":"https:\/\/ecomarketcolombia.com\/index.php\/wp-json\/wp\/v2\/product\/5223\/revisions\/5226"}],"wp:featuredmedia":[{"embeddable":true,"href":"https:\/\/ecomarketcolombia.com\/index.php\/wp-json\/wp\/v2\/media\/5206"}],"wp:attachment":[{"href":"https:\/\/ecomarketcolombia.com\/index.php\/wp-json\/wp\/v2\/media?parent=5223"}],"curies":[{"name":"wp","href":"https:\/\/api.w.org\/{rel}","templated":true}]}}