{"id":5265,"date":"2020-07-23T23:20:48","date_gmt":"2020-07-24T04:20:48","guid":{"rendered":"http:\/\/ecomarketcolombia.com\/?post_type=product&#038;p=5265"},"modified":"2020-08-13T16:54:41","modified_gmt":"2020-08-13T21:54:41","slug":"pastadental","status":"publish","type":"product","link":"https:\/\/ecomarketcolombia.com\/index.php\/product\/pastadental\/","title":{"rendered":"Crema dental s\u00f3lida"},"content":{"rendered":"","protected":false},"excerpt":{"rendered":"<p>Pasta dental s\u00f3lida natural y sin qu\u00edmicos. De la marca Oiris y con sabor a menta, est\u00e1 disponible en presentaci\u00f3n de 25 gramos<\/p>\n","protected":false},"featured_media":5268,"comment_status":"closed","ping_status":"closed","template":"","meta":[],"class_list":["post-5265","product","type-product","status-publish","has-post-thumbnail","hentry","product_cat-cuidadopersonal","product_tag-25gr","product_tag-aseo","product_tag-comercio-justo","product_tag-crema-dental","product_tag-cuidado","product_tag-cuidado-oral","product_tag-dentifrico","product_tag-eco","product_tag-local","product_tag-menta","product_tag-natural","product_tag-oiris","product_tag-organico","product_tag-pasta-dental","product_tag-sabor-menta","product_tag-salud","product_tag-saludable","product_tag-sin-quimicos","product_tag-solido","product_tag-sostenible"],"_links":{"self":[{"href":"https:\/\/ecomarketcolombia.com\/index.php\/wp-json\/wp\/v2\/product\/5265","targetHints":{"allow":["GET"]}}],"collection":[{"href":"https:\/\/ecomarketcolombia.com\/index.php\/wp-json\/wp\/v2\/product"}],"about":[{"href":"https:\/\/ecomarketcolombia.com\/index.php\/wp-json\/wp\/v2\/types\/product"}],"replies":[{"embeddable":true,"href":"https:\/\/ecomarketcolombia.com\/index.php\/wp-json\/wp\/v2\/comments?post=5265"}],"version-history":[{"count":3,"href":"https:\/\/ecomarketcolombia.com\/index.php\/wp-json\/wp\/v2\/product\/5265\/revisions"}],"predecessor-version":[{"id":5605,"href":"https:\/\/ecomarketcolombia.com\/index.php\/wp-json\/wp\/v2\/product\/5265\/revisions\/5605"}],"wp:featuredmedia":[{"embeddable":true,"href":"https:\/\/ecomarketcolombia.com\/index.php\/wp-json\/wp\/v2\/media\/5268"}],"wp:attachment":[{"href":"https:\/\/ecomarketcolombia.com\/index.php\/wp-json\/wp\/v2\/media?parent=5265"}],"curies":[{"name":"wp","href":"https:\/\/api.w.org\/{rel}","templated":true}]}}