{"id":5581,"date":"2020-08-13T16:15:02","date_gmt":"2020-08-13T21:15:02","guid":{"rendered":"http:\/\/ecomarketcolombia.com\/?post_type=product&#038;p=5581"},"modified":"2021-05-10T15:35:41","modified_gmt":"2021-05-10T20:35:41","slug":"barrasfrutosrojos","status":"publish","type":"product","link":"https:\/\/ecomarketcolombia.com\/index.php\/product\/barrasfrutosrojos\/","title":{"rendered":"Barras cereal quinua frutos rojos"},"content":{"rendered":"","protected":false},"excerpt":{"rendered":"<p>Barras de cereal con quinua expandida, frutos rojos deshidratados (fresa, mora y ar\u00e1ndanos) cobertura de chocolate, semillas de ch\u00eda, fructosa, ajonjol\u00ed y sirope de yac\u00f3n. Disponible en presentaciones de 28gr<\/p>\n","protected":false},"featured_media":5586,"comment_status":"closed","ping_status":"closed","template":"","meta":[],"class_list":["post-5581","product","type-product","status-publish","has-post-thumbnail","hentry","product_cat-carealesgranolas","product_tag-cereal","product_tag-frutos-rojos","product_tag-miel","product_tag-pop","product_tag-quinua"],"_links":{"self":[{"href":"https:\/\/ecomarketcolombia.com\/index.php\/wp-json\/wp\/v2\/product\/5581","targetHints":{"allow":["GET"]}}],"collection":[{"href":"https:\/\/ecomarketcolombia.com\/index.php\/wp-json\/wp\/v2\/product"}],"about":[{"href":"https:\/\/ecomarketcolombia.com\/index.php\/wp-json\/wp\/v2\/types\/product"}],"replies":[{"embeddable":true,"href":"https:\/\/ecomarketcolombia.com\/index.php\/wp-json\/wp\/v2\/comments?post=5581"}],"version-history":[{"count":3,"href":"https:\/\/ecomarketcolombia.com\/index.php\/wp-json\/wp\/v2\/product\/5581\/revisions"}],"predecessor-version":[{"id":6937,"href":"https:\/\/ecomarketcolombia.com\/index.php\/wp-json\/wp\/v2\/product\/5581\/revisions\/6937"}],"wp:featuredmedia":[{"embeddable":true,"href":"https:\/\/ecomarketcolombia.com\/index.php\/wp-json\/wp\/v2\/media\/5586"}],"wp:attachment":[{"href":"https:\/\/ecomarketcolombia.com\/index.php\/wp-json\/wp\/v2\/media?parent=5581"}],"curies":[{"name":"wp","href":"https:\/\/api.w.org\/{rel}","templated":true}]}}