{"id":5600,"date":"2020-08-13T16:43:34","date_gmt":"2020-08-13T21:43:34","guid":{"rendered":"http:\/\/ecomarketcolombia.com\/?post_type=product&#038;p=5600"},"modified":"2020-08-13T16:47:53","modified_gmt":"2020-08-13T21:47:53","slug":"desodorantenatural","status":"publish","type":"product","link":"https:\/\/ecomarketcolombia.com\/index.php\/product\/desodorantenatural\/","title":{"rendered":"Desodorante natural"},"content":{"rendered":"","protected":false},"excerpt":{"rendered":"<p>Desodorante\u00a0 natural de la marca Gaia, sin qu\u00edmicos ni aditivos t\u00f3xicos. Presentaci\u00f3n disponible de 90 gramos<\/p>\n","protected":false},"featured_media":5603,"comment_status":"closed","ping_status":"closed","template":"","meta":[],"class_list":["post-5600","product","type-product","status-publish","has-post-thumbnail","hentry","product_cat-cuidadopersonal","product_tag-aseo","product_tag-comercio-justo","product_tag-corporal","product_tag-crema","product_tag-cuidado","product_tag-desodorante","product_tag-eco","product_tag-gaia","product_tag-local","product_tag-natural","product_tag-natural-y-biodegradable","product_tag-personal","product_tag-saludable","product_tag-sin-aluminio","product_tag-sin-quimicos","product_tag-sin-triclosan"],"_links":{"self":[{"href":"https:\/\/ecomarketcolombia.com\/index.php\/wp-json\/wp\/v2\/product\/5600","targetHints":{"allow":["GET"]}}],"collection":[{"href":"https:\/\/ecomarketcolombia.com\/index.php\/wp-json\/wp\/v2\/product"}],"about":[{"href":"https:\/\/ecomarketcolombia.com\/index.php\/wp-json\/wp\/v2\/types\/product"}],"replies":[{"embeddable":true,"href":"https:\/\/ecomarketcolombia.com\/index.php\/wp-json\/wp\/v2\/comments?post=5600"}],"version-history":[{"count":1,"href":"https:\/\/ecomarketcolombia.com\/index.php\/wp-json\/wp\/v2\/product\/5600\/revisions"}],"predecessor-version":[{"id":5604,"href":"https:\/\/ecomarketcolombia.com\/index.php\/wp-json\/wp\/v2\/product\/5600\/revisions\/5604"}],"wp:featuredmedia":[{"embeddable":true,"href":"https:\/\/ecomarketcolombia.com\/index.php\/wp-json\/wp\/v2\/media\/5603"}],"wp:attachment":[{"href":"https:\/\/ecomarketcolombia.com\/index.php\/wp-json\/wp\/v2\/media?parent=5600"}],"curies":[{"name":"wp","href":"https:\/\/api.w.org\/{rel}","templated":true}]}}