{"id":5727,"date":"2020-08-14T14:14:49","date_gmt":"2020-08-14T19:14:49","guid":{"rendered":"http:\/\/ecomarketcolombia.com\/?post_type=product&#038;p=5727"},"modified":"2020-08-17T10:47:43","modified_gmt":"2020-08-17T15:47:43","slug":"solidifried","status":"publish","type":"product","link":"https:\/\/ecomarketcolombia.com\/index.php\/product\/solidifried\/","title":{"rendered":"Solidificador de aceite quemado (solid-i-fried)"},"content":{"rendered":"","protected":false},"excerpt":{"rendered":"<p>Solidificador de aceite usado y quemado, para disponerlo sin ning\u00fan problema directamente en la basura o para fabricar velas artesanales naturales y sin ning\u00fan t\u00f3xico. Disponible en presentaci\u00f3n de 100 gramos<\/p>\n","protected":false},"featured_media":5732,"comment_status":"closed","ping_status":"closed","template":"","meta":[],"class_list":["post-5727","product","type-product","status-publish","has-post-thumbnail","hentry","product_cat-hogar","product_tag-aceites","product_tag-bienestar","product_tag-colombiano","product_tag-comercio-justo","product_tag-cuidado","product_tag-desinfeccion","product_tag-disponer","product_tag-eco","product_tag-ecologico","product_tag-hogar","product_tag-limpieza","product_tag-local","product_tag-natural","product_tag-saludable","product_tag-solidfried"],"_links":{"self":[{"href":"https:\/\/ecomarketcolombia.com\/index.php\/wp-json\/wp\/v2\/product\/5727","targetHints":{"allow":["GET"]}}],"collection":[{"href":"https:\/\/ecomarketcolombia.com\/index.php\/wp-json\/wp\/v2\/product"}],"about":[{"href":"https:\/\/ecomarketcolombia.com\/index.php\/wp-json\/wp\/v2\/types\/product"}],"replies":[{"embeddable":true,"href":"https:\/\/ecomarketcolombia.com\/index.php\/wp-json\/wp\/v2\/comments?post=5727"}],"version-history":[{"count":2,"href":"https:\/\/ecomarketcolombia.com\/index.php\/wp-json\/wp\/v2\/product\/5727\/revisions"}],"predecessor-version":[{"id":6214,"href":"https:\/\/ecomarketcolombia.com\/index.php\/wp-json\/wp\/v2\/product\/5727\/revisions\/6214"}],"wp:featuredmedia":[{"embeddable":true,"href":"https:\/\/ecomarketcolombia.com\/index.php\/wp-json\/wp\/v2\/media\/5732"}],"wp:attachment":[{"href":"https:\/\/ecomarketcolombia.com\/index.php\/wp-json\/wp\/v2\/media?parent=5727"}],"curies":[{"name":"wp","href":"https:\/\/api.w.org\/{rel}","templated":true}]}}