{"id":5739,"date":"2020-08-14T14:28:26","date_gmt":"2020-08-14T19:28:26","guid":{"rendered":"http:\/\/ecomarketcolombia.com\/?post_type=product&#038;p=5739"},"modified":"2020-08-14T14:34:03","modified_gmt":"2020-08-14T19:34:03","slug":"spillcontrol","status":"publish","type":"product","link":"https:\/\/ecomarketcolombia.com\/index.php\/product\/spillcontrol\/","title":{"rendered":"Absorbente de l\u00edquidos (spill control)"},"content":{"rendered":"","protected":false},"excerpt":{"rendered":"<p>Polvo absorbente de l\u00edquidos, especial para ser utilizado en bolsas de residuos org\u00e1nicos y basura, as\u00ed evitar\u00e1s los molestos y olorosos lixiviados. Disponible en presentaci\u00f3n de 180 gramos<\/p>\n","protected":false},"featured_media":5742,"comment_status":"closed","ping_status":"closed","template":"","meta":[],"class_list":["post-5739","product","type-product","status-publish","has-post-thumbnail","hentry","product_cat-hogar","product_tag-absorvente","product_tag-bienestar","product_tag-colombiano","product_tag-comercio-justo","product_tag-cuidado","product_tag-eco","product_tag-ecologico","product_tag-hogar","product_tag-limpieza","product_tag-liquidos","product_tag-local","product_tag-natural","product_tag-organico","product_tag-polvo","product_tag-saludable"],"_links":{"self":[{"href":"https:\/\/ecomarketcolombia.com\/index.php\/wp-json\/wp\/v2\/product\/5739","targetHints":{"allow":["GET"]}}],"collection":[{"href":"https:\/\/ecomarketcolombia.com\/index.php\/wp-json\/wp\/v2\/product"}],"about":[{"href":"https:\/\/ecomarketcolombia.com\/index.php\/wp-json\/wp\/v2\/types\/product"}],"replies":[{"embeddable":true,"href":"https:\/\/ecomarketcolombia.com\/index.php\/wp-json\/wp\/v2\/comments?post=5739"}],"version-history":[{"count":1,"href":"https:\/\/ecomarketcolombia.com\/index.php\/wp-json\/wp\/v2\/product\/5739\/revisions"}],"predecessor-version":[{"id":5743,"href":"https:\/\/ecomarketcolombia.com\/index.php\/wp-json\/wp\/v2\/product\/5739\/revisions\/5743"}],"wp:featuredmedia":[{"embeddable":true,"href":"https:\/\/ecomarketcolombia.com\/index.php\/wp-json\/wp\/v2\/media\/5742"}],"wp:attachment":[{"href":"https:\/\/ecomarketcolombia.com\/index.php\/wp-json\/wp\/v2\/media?parent=5739"}],"curies":[{"name":"wp","href":"https:\/\/api.w.org\/{rel}","templated":true}]}}