{"id":5753,"date":"2020-08-14T22:16:34","date_gmt":"2020-08-15T03:16:34","guid":{"rendered":"http:\/\/ecomarketcolombia.com\/?post_type=product&#038;p=5753"},"modified":"2021-06-16T22:56:29","modified_gmt":"2021-06-17T03:56:29","slug":"cremamacadamiagolden","status":"publish","type":"product","link":"https:\/\/ecomarketcolombia.com\/index.php\/product\/cremamacadamiagolden\/","title":{"rendered":"Crema de macadamia golden mik"},"content":{"rendered":"","protected":false},"excerpt":{"rendered":"<p>Cremas de nueces en presentaci\u00f3n de 230gr , producidas por los compa\u00f1eros de Nutti no tienen ning\u00fan aditivo o conservante, son 100% la nuez sin sal ni az\u00facar<\/p>\n","protected":false},"featured_media":5756,"comment_status":"closed","ping_status":"closed","template":"","meta":[],"class_list":["post-5753","product","type-product","status-publish","has-post-thumbnail","hentry","product_cat-nuecessemillas","product_tag-crema-de-nueces","product_tag-frutos-secos","product_tag-golden-milk","product_tag-macadamia","product_tag-nueces"],"_links":{"self":[{"href":"https:\/\/ecomarketcolombia.com\/index.php\/wp-json\/wp\/v2\/product\/5753","targetHints":{"allow":["GET"]}}],"collection":[{"href":"https:\/\/ecomarketcolombia.com\/index.php\/wp-json\/wp\/v2\/product"}],"about":[{"href":"https:\/\/ecomarketcolombia.com\/index.php\/wp-json\/wp\/v2\/types\/product"}],"replies":[{"embeddable":true,"href":"https:\/\/ecomarketcolombia.com\/index.php\/wp-json\/wp\/v2\/comments?post=5753"}],"version-history":[{"count":2,"href":"https:\/\/ecomarketcolombia.com\/index.php\/wp-json\/wp\/v2\/product\/5753\/revisions"}],"predecessor-version":[{"id":6891,"href":"https:\/\/ecomarketcolombia.com\/index.php\/wp-json\/wp\/v2\/product\/5753\/revisions\/6891"}],"wp:featuredmedia":[{"embeddable":true,"href":"https:\/\/ecomarketcolombia.com\/index.php\/wp-json\/wp\/v2\/media\/5756"}],"wp:attachment":[{"href":"https:\/\/ecomarketcolombia.com\/index.php\/wp-json\/wp\/v2\/media?parent=5753"}],"curies":[{"name":"wp","href":"https:\/\/api.w.org\/{rel}","templated":true}]}}