{"id":5801,"date":"2020-08-15T10:33:31","date_gmt":"2020-08-15T15:33:31","guid":{"rendered":"http:\/\/ecomarketcolombia.com\/?post_type=product&#038;p=5801"},"modified":"2020-08-15T12:07:15","modified_gmt":"2020-08-15T17:07:15","slug":"granolaceitealmendra","status":"publish","type":"product","link":"https:\/\/ecomarketcolombia.com\/index.php\/product\/granolaceitealmendra\/","title":{"rendered":"Granola aceite de oliva y almendras"},"content":{"rendered":"","protected":false},"excerpt":{"rendered":"<p>Granola aceite de oliva y almendras (Con hojuelas de avena, quinoa inflada, canela, vainilla natural, ar\u00e1ndanos, linaza molida, semillas de girasol, miel de abejas y miel de yac\u00f3n) Disponible en presentaci\u00f3n de 320 gramos.<\/p>\n","protected":false},"featured_media":5818,"comment_status":"closed","ping_status":"closed","template":"","meta":[],"class_list":["post-5801","product","type-product","status-publish","has-post-thumbnail","hentry","product_cat-carealesgranolas","product_tag-aceite-oliva","product_tag-colombiano","product_tag-desayuno","product_tag-frutas","product_tag-frutas-deshidratadas","product_tag-frutos-secos","product_tag-girasol","product_tag-granola","product_tag-local","product_tag-natural","product_tag-nueces","product_tag-nutritivo","product_tag-region-alegra","product_tag-saludable","product_tag-semillas","product_tag-tostado","product_tag-vainilla","product_tag-vida-sana"],"_links":{"self":[{"href":"https:\/\/ecomarketcolombia.com\/index.php\/wp-json\/wp\/v2\/product\/5801","targetHints":{"allow":["GET"]}}],"collection":[{"href":"https:\/\/ecomarketcolombia.com\/index.php\/wp-json\/wp\/v2\/product"}],"about":[{"href":"https:\/\/ecomarketcolombia.com\/index.php\/wp-json\/wp\/v2\/types\/product"}],"replies":[{"embeddable":true,"href":"https:\/\/ecomarketcolombia.com\/index.php\/wp-json\/wp\/v2\/comments?post=5801"}],"version-history":[{"count":1,"href":"https:\/\/ecomarketcolombia.com\/index.php\/wp-json\/wp\/v2\/product\/5801\/revisions"}],"predecessor-version":[{"id":5807,"href":"https:\/\/ecomarketcolombia.com\/index.php\/wp-json\/wp\/v2\/product\/5801\/revisions\/5807"}],"wp:featuredmedia":[{"embeddable":true,"href":"https:\/\/ecomarketcolombia.com\/index.php\/wp-json\/wp\/v2\/media\/5818"}],"wp:attachment":[{"href":"https:\/\/ecomarketcolombia.com\/index.php\/wp-json\/wp\/v2\/media?parent=5801"}],"curies":[{"name":"wp","href":"https:\/\/api.w.org\/{rel}","templated":true}]}}