{"id":5808,"date":"2020-08-15T10:40:38","date_gmt":"2020-08-15T15:40:38","guid":{"rendered":"http:\/\/ecomarketcolombia.com\/?post_type=product&#038;p=5808"},"modified":"2020-08-15T10:44:55","modified_gmt":"2020-08-15T15:44:55","slug":"granolachococacao","status":"publish","type":"product","link":"https:\/\/ecomarketcolombia.com\/index.php\/product\/granolachococacao\/","title":{"rendered":"Granola cacao y chocolate 70%"},"content":{"rendered":"","protected":false},"excerpt":{"rendered":"<p>Granola cacao y chocolate 70% (Con chocolate Cacao Hunters de Tumaco, almendras, cristales de sal marina, hojuelas de avena, quinoa inflada, canela, semillas de ch\u00eda, aceite de girasol, miel de abejas y miel de yac\u00f3n) Disponible en presentaci\u00f3n de 320 gramos.<\/p>\n","protected":false},"featured_media":5811,"comment_status":"closed","ping_status":"closed","template":"","meta":[],"class_list":["post-5808","product","type-product","status-publish","has-post-thumbnail","hentry","product_cat-carealesgranolas","product_tag-colombiano","product_tag-desayuno","product_tag-frutas","product_tag-frutas-deshidratadas","product_tag-frutos-secos","product_tag-girasol","product_tag-granola","product_tag-local","product_tag-miel","product_tag-natural","product_tag-nueces","product_tag-nutritivo","product_tag-quinua","product_tag-region-alegra","product_tag-sal-marina","product_tag-saludable","product_tag-semillas","product_tag-tostado","product_tag-vida-sana"],"_links":{"self":[{"href":"https:\/\/ecomarketcolombia.com\/index.php\/wp-json\/wp\/v2\/product\/5808","targetHints":{"allow":["GET"]}}],"collection":[{"href":"https:\/\/ecomarketcolombia.com\/index.php\/wp-json\/wp\/v2\/product"}],"about":[{"href":"https:\/\/ecomarketcolombia.com\/index.php\/wp-json\/wp\/v2\/types\/product"}],"replies":[{"embeddable":true,"href":"https:\/\/ecomarketcolombia.com\/index.php\/wp-json\/wp\/v2\/comments?post=5808"}],"version-history":[{"count":1,"href":"https:\/\/ecomarketcolombia.com\/index.php\/wp-json\/wp\/v2\/product\/5808\/revisions"}],"predecessor-version":[{"id":5812,"href":"https:\/\/ecomarketcolombia.com\/index.php\/wp-json\/wp\/v2\/product\/5808\/revisions\/5812"}],"wp:featuredmedia":[{"embeddable":true,"href":"https:\/\/ecomarketcolombia.com\/index.php\/wp-json\/wp\/v2\/media\/5811"}],"wp:attachment":[{"href":"https:\/\/ecomarketcolombia.com\/index.php\/wp-json\/wp\/v2\/media?parent=5808"}],"curies":[{"name":"wp","href":"https:\/\/api.w.org\/{rel}","templated":true}]}}