{"id":5957,"date":"2020-08-15T15:48:09","date_gmt":"2020-08-15T20:48:09","guid":{"rendered":"http:\/\/ecomarketcolombia.com\/?post_type=product&#038;p=5957"},"modified":"2020-08-19T22:43:14","modified_gmt":"2020-08-20T03:43:14","slug":"mezclasaceites","status":"publish","type":"product","link":"https:\/\/ecomarketcolombia.com\/index.php\/product\/mezclasaceites\/","title":{"rendered":"Aceites esenciales (mezclas)"},"content":{"rendered":"","protected":false},"excerpt":{"rendered":"<p>Blend sin\u00e9rgicos de aceites esenciales 100% puros de grado terap\u00e9utico, de la marca Terragua. Llegan desde Boyac\u00e1 a tus manos.<\/p>\n","protected":false},"featured_media":6692,"comment_status":"closed","ping_status":"closed","template":"","meta":[],"class_list":["post-5957","product","type-product","status-publish","has-post-thumbnail","hentry","product_cat-cuidadopersonal","product_cat-hogar","product_tag-aceite","product_tag-aromaterapia","product_tag-bienestar","product_tag-colombiano","product_tag-comercio-justo","product_tag-cuidado","product_tag-cuidado-personal","product_tag-eco","product_tag-ecologico","product_tag-esenciales","product_tag-esencias","product_tag-hogar","product_tag-local","product_tag-natural","product_tag-organico","product_tag-saludable","product_tag-terapeutico"],"_links":{"self":[{"href":"https:\/\/ecomarketcolombia.com\/index.php\/wp-json\/wp\/v2\/product\/5957","targetHints":{"allow":["GET"]}}],"collection":[{"href":"https:\/\/ecomarketcolombia.com\/index.php\/wp-json\/wp\/v2\/product"}],"about":[{"href":"https:\/\/ecomarketcolombia.com\/index.php\/wp-json\/wp\/v2\/types\/product"}],"replies":[{"embeddable":true,"href":"https:\/\/ecomarketcolombia.com\/index.php\/wp-json\/wp\/v2\/comments?post=5957"}],"version-history":[{"count":3,"href":"https:\/\/ecomarketcolombia.com\/index.php\/wp-json\/wp\/v2\/product\/5957\/revisions"}],"predecessor-version":[{"id":6013,"href":"https:\/\/ecomarketcolombia.com\/index.php\/wp-json\/wp\/v2\/product\/5957\/revisions\/6013"}],"wp:featuredmedia":[{"embeddable":true,"href":"https:\/\/ecomarketcolombia.com\/index.php\/wp-json\/wp\/v2\/media\/6692"}],"wp:attachment":[{"href":"https:\/\/ecomarketcolombia.com\/index.php\/wp-json\/wp\/v2\/media?parent=5957"}],"curies":[{"name":"wp","href":"https:\/\/api.w.org\/{rel}","templated":true}]}}