{"id":6190,"date":"2020-08-16T18:01:53","date_gmt":"2020-08-16T23:01:53","guid":{"rendered":"http:\/\/ecomarketcolombia.com\/?post_type=product&#038;p=6190"},"modified":"2020-08-19T00:03:32","modified_gmt":"2020-08-19T05:03:32","slug":"salevolution","status":"publish","type":"product","link":"https:\/\/ecomarketcolombia.com\/index.php\/product\/salevolution\/","title":{"rendered":"Sal de ba\u00f1o Evolution"},"content":{"rendered":"","protected":false},"excerpt":{"rendered":"<p>Elaborada con una mezcla de cristales de sal del Himalaya, Sal de mar, Sal gris de Guerande Salde mina, y Sales de Epsom<em>,\u00a0<\/em>el prop\u00f3sito de acompa\u00f1ar procesos de cambio en los cuales es necesario dejar atr\u00e1s viejos sentimientos, actitudes, ideas, conceptos, o actividades que ya no queremos con nosotros.<br \/>\nPara adaptarse a los cambios y dar inicio a nuevas din\u00e1micas de vida. Especial para el trabajo de duelo.<\/p>\n<p>Presentaci\u00f3n por 240 gramos<\/p>\n","protected":false},"featured_media":6184,"comment_status":"closed","ping_status":"closed","template":"","meta":[],"class_list":["post-6190","product","type-product","status-publish","has-post-thumbnail","hentry","product_cat-cuidadopersonal","product_tag-aceites-escenciales","product_tag-aromaterapia","product_tag-comercio-justo","product_tag-corporal","product_tag-cuidado","product_tag-eco","product_tag-energetica","product_tag-handmade","product_tag-incondicional","product_tag-jabon","product_tag-local","product_tag-natural","product_tag-organico","product_tag-personal","product_tag-salud","product_tag-saludable","product_tag-sin-quimicos","product_tag-terragua"],"_links":{"self":[{"href":"https:\/\/ecomarketcolombia.com\/index.php\/wp-json\/wp\/v2\/product\/6190","targetHints":{"allow":["GET"]}}],"collection":[{"href":"https:\/\/ecomarketcolombia.com\/index.php\/wp-json\/wp\/v2\/product"}],"about":[{"href":"https:\/\/ecomarketcolombia.com\/index.php\/wp-json\/wp\/v2\/types\/product"}],"replies":[{"embeddable":true,"href":"https:\/\/ecomarketcolombia.com\/index.php\/wp-json\/wp\/v2\/comments?post=6190"}],"version-history":[{"count":1,"href":"https:\/\/ecomarketcolombia.com\/index.php\/wp-json\/wp\/v2\/product\/6190\/revisions"}],"predecessor-version":[{"id":6193,"href":"https:\/\/ecomarketcolombia.com\/index.php\/wp-json\/wp\/v2\/product\/6190\/revisions\/6193"}],"wp:featuredmedia":[{"embeddable":true,"href":"https:\/\/ecomarketcolombia.com\/index.php\/wp-json\/wp\/v2\/media\/6184"}],"wp:attachment":[{"href":"https:\/\/ecomarketcolombia.com\/index.php\/wp-json\/wp\/v2\/media?parent=6190"}],"curies":[{"name":"wp","href":"https:\/\/api.w.org\/{rel}","templated":true}]}}