{"id":6194,"date":"2020-08-16T20:17:36","date_gmt":"2020-08-17T01:17:36","guid":{"rendered":"http:\/\/ecomarketcolombia.com\/?post_type=product&#038;p=6194"},"modified":"2020-08-19T00:02:33","modified_gmt":"2020-08-19T05:02:33","slug":"salharmony","status":"publish","type":"product","link":"https:\/\/ecomarketcolombia.com\/index.php\/product\/salharmony\/","title":{"rendered":"Sal de ba\u00f1o Harmony"},"content":{"rendered":"","protected":false},"excerpt":{"rendered":"<p>Elaborada con plantas \u00abdulces\u00bb albahaca, manzanilla, hierbabuena, mejorana, cidr\u00f3n y limonaria y una especial mezcla de cristales de sal de diferentes procedencias, tiene el prop\u00f3sito de armonizar y equilibrar tus centros energ\u00e9ticos, ayudandote a recobrar la armon\u00eda, regulando la frecuencia energ\u00e9tica en la que te encuentras vibrando permitiendo as\u00ed que podamos sintonizarnos mas facilmente con las energ\u00edas sutiles que habitan en la naturaleza.<\/p>\n<p>Presentaci\u00f3n por 240 gramos<\/p>\n","protected":false},"featured_media":6185,"comment_status":"closed","ping_status":"closed","template":"","meta":[],"class_list":["post-6194","product","type-product","status-publish","has-post-thumbnail","hentry","product_cat-cuidadopersonal","product_tag-aceites-escenciales","product_tag-aromaterapia","product_tag-comercio-justo","product_tag-corporal","product_tag-cuidado","product_tag-eco","product_tag-energetica","product_tag-handmade","product_tag-incondicional","product_tag-jabon","product_tag-local","product_tag-natural","product_tag-organico","product_tag-personal","product_tag-salud","product_tag-saludable","product_tag-sin-quimicos","product_tag-terragua"],"_links":{"self":[{"href":"https:\/\/ecomarketcolombia.com\/index.php\/wp-json\/wp\/v2\/product\/6194","targetHints":{"allow":["GET"]}}],"collection":[{"href":"https:\/\/ecomarketcolombia.com\/index.php\/wp-json\/wp\/v2\/product"}],"about":[{"href":"https:\/\/ecomarketcolombia.com\/index.php\/wp-json\/wp\/v2\/types\/product"}],"replies":[{"embeddable":true,"href":"https:\/\/ecomarketcolombia.com\/index.php\/wp-json\/wp\/v2\/comments?post=6194"}],"version-history":[{"count":1,"href":"https:\/\/ecomarketcolombia.com\/index.php\/wp-json\/wp\/v2\/product\/6194\/revisions"}],"predecessor-version":[{"id":6197,"href":"https:\/\/ecomarketcolombia.com\/index.php\/wp-json\/wp\/v2\/product\/6194\/revisions\/6197"}],"wp:featuredmedia":[{"embeddable":true,"href":"https:\/\/ecomarketcolombia.com\/index.php\/wp-json\/wp\/v2\/media\/6185"}],"wp:attachment":[{"href":"https:\/\/ecomarketcolombia.com\/index.php\/wp-json\/wp\/v2\/media?parent=6194"}],"curies":[{"name":"wp","href":"https:\/\/api.w.org\/{rel}","templated":true}]}}