{"id":6198,"date":"2020-08-16T20:20:31","date_gmt":"2020-08-17T01:20:31","guid":{"rendered":"http:\/\/ecomarketcolombia.com\/?post_type=product&#038;p=6198"},"modified":"2020-08-19T00:01:45","modified_gmt":"2020-08-19T05:01:45","slug":"salprosperity","status":"publish","type":"product","link":"https:\/\/ecomarketcolombia.com\/index.php\/product\/salprosperity\/","title":{"rendered":"Sal de ba\u00f1o Prosperity"},"content":{"rendered":"","protected":false},"excerpt":{"rendered":"<p>Nos acompa\u00f1a en momentos de desanimo, cuando la tristeza o la depresi\u00f3n nos invaden haciendo que nuestro panorama se torne gris. Nos ayuda a traer de nuevo la luz de la esperanza a nuestra vida recuperando el \u00e1nimo y las ganas de vivir, despeja el horizonte para enfrentar las diferentes circunstancias de la vida con alegr\u00eda y vitalidad.<\/p>\n<p>Nos aporta vitalidad y \u00e1nimo necesarios para ampliar nuestro horizonte, asumir una actitud positiva, confiada y esperanzadora hacia la vida, acompa\u00f1ando los procesos creativos que permiten que la infinita vibraci\u00f3n de abundancia del universo fluya hacia nosotros.<\/p>\n<p>Presentaci\u00f3n por 240 gramos<\/p>\n","protected":false},"featured_media":6186,"comment_status":"closed","ping_status":"closed","template":"","meta":[],"class_list":["post-6198","product","type-product","status-publish","has-post-thumbnail","hentry","product_cat-cuidadopersonal","product_tag-aceites-escenciales","product_tag-aromaterapia","product_tag-comercio-justo","product_tag-corporal","product_tag-cuidado","product_tag-eco","product_tag-energetica","product_tag-handmade","product_tag-incondicional","product_tag-jabon","product_tag-local","product_tag-natural","product_tag-organico","product_tag-personal","product_tag-salud","product_tag-saludable","product_tag-sin-quimicos","product_tag-terragua"],"_links":{"self":[{"href":"https:\/\/ecomarketcolombia.com\/index.php\/wp-json\/wp\/v2\/product\/6198","targetHints":{"allow":["GET"]}}],"collection":[{"href":"https:\/\/ecomarketcolombia.com\/index.php\/wp-json\/wp\/v2\/product"}],"about":[{"href":"https:\/\/ecomarketcolombia.com\/index.php\/wp-json\/wp\/v2\/types\/product"}],"replies":[{"embeddable":true,"href":"https:\/\/ecomarketcolombia.com\/index.php\/wp-json\/wp\/v2\/comments?post=6198"}],"version-history":[{"count":1,"href":"https:\/\/ecomarketcolombia.com\/index.php\/wp-json\/wp\/v2\/product\/6198\/revisions"}],"predecessor-version":[{"id":6201,"href":"https:\/\/ecomarketcolombia.com\/index.php\/wp-json\/wp\/v2\/product\/6198\/revisions\/6201"}],"wp:featuredmedia":[{"embeddable":true,"href":"https:\/\/ecomarketcolombia.com\/index.php\/wp-json\/wp\/v2\/media\/6186"}],"wp:attachment":[{"href":"https:\/\/ecomarketcolombia.com\/index.php\/wp-json\/wp\/v2\/media?parent=6198"}],"curies":[{"name":"wp","href":"https:\/\/api.w.org\/{rel}","templated":true}]}}