{"id":6202,"date":"2020-08-16T20:22:47","date_gmt":"2020-08-17T01:22:47","guid":{"rendered":"http:\/\/ecomarketcolombia.com\/?post_type=product&#038;p=6202"},"modified":"2020-08-18T23:58:39","modified_gmt":"2020-08-19T04:58:39","slug":"salserenity","status":"publish","type":"product","link":"https:\/\/ecomarketcolombia.com\/index.php\/product\/salserenity\/","title":{"rendered":"Sal de ba\u00f1o Serenity"},"content":{"rendered":"","protected":false},"excerpt":{"rendered":"<p>Elaboradas con el prop\u00f3sito de crear en nuestra vida espacios de tranquilidad y serenidad propicios para la meditaci\u00f3n, la conexi\u00f3n con nuestro interior y el descanso.<br \/>\nTe ayudan a serenar, aquietar, y despejar las emociones asociadas al estr\u00e9s y la preocupaci\u00f3n que nublan tu percepci\u00f3n y toman el control de tu coraz\u00f3n y tu mente embargando tu tranquilidad, te ayuda a retornar a la serenidad, la quietud mental, la paciencia y acallando los pensamientos que contribuyen a que tu mente se llene de estr\u00e9s haciendo que en ocasiones reacciones de forma explosiva. Te ayuda a soltar todo aquello que consciente o inconscientemente te quita la paz interior.<br \/>\nLas propiedades calmantes de sus ingredientes relajan el cuerpo f\u00edsico y aquietan la mente, para crear espacios de tranquilidad y serenidad. Ideales para el alivio del estr\u00e9s diario aplic\u00e1ndolas en la ducha nocturna o en un ba\u00f1o de tina.<\/p>\n<p>Presentaci\u00f3n por 240 gramos<\/p>\n","protected":false},"featured_media":6187,"comment_status":"closed","ping_status":"closed","template":"","meta":[],"class_list":["post-6202","product","type-product","status-publish","has-post-thumbnail","hentry","product_cat-cuidadopersonal","product_tag-aceites-escenciales","product_tag-aromaterapia","product_tag-comercio-justo","product_tag-corporal","product_tag-cuidado","product_tag-eco","product_tag-energetica","product_tag-handmade","product_tag-incondicional","product_tag-jabon","product_tag-local","product_tag-natural","product_tag-organico","product_tag-personal","product_tag-salud","product_tag-saludable","product_tag-sin-quimicos","product_tag-terragua"],"_links":{"self":[{"href":"https:\/\/ecomarketcolombia.com\/index.php\/wp-json\/wp\/v2\/product\/6202","targetHints":{"allow":["GET"]}}],"collection":[{"href":"https:\/\/ecomarketcolombia.com\/index.php\/wp-json\/wp\/v2\/product"}],"about":[{"href":"https:\/\/ecomarketcolombia.com\/index.php\/wp-json\/wp\/v2\/types\/product"}],"replies":[{"embeddable":true,"href":"https:\/\/ecomarketcolombia.com\/index.php\/wp-json\/wp\/v2\/comments?post=6202"}],"version-history":[{"count":1,"href":"https:\/\/ecomarketcolombia.com\/index.php\/wp-json\/wp\/v2\/product\/6202\/revisions"}],"predecessor-version":[{"id":6205,"href":"https:\/\/ecomarketcolombia.com\/index.php\/wp-json\/wp\/v2\/product\/6202\/revisions\/6205"}],"wp:featuredmedia":[{"embeddable":true,"href":"https:\/\/ecomarketcolombia.com\/index.php\/wp-json\/wp\/v2\/media\/6187"}],"wp:attachment":[{"href":"https:\/\/ecomarketcolombia.com\/index.php\/wp-json\/wp\/v2\/media?parent=6202"}],"curies":[{"name":"wp","href":"https:\/\/api.w.org\/{rel}","templated":true}]}}