{"id":6215,"date":"2020-08-17T10:51:16","date_gmt":"2020-08-17T15:51:16","guid":{"rendered":"http:\/\/ecomarketcolombia.com\/?post_type=product&#038;p=6215"},"modified":"2020-08-19T15:32:45","modified_gmt":"2020-08-19T20:32:45","slug":"detergenteropa","status":"publish","type":"product","link":"https:\/\/ecomarketcolombia.com\/index.php\/product\/detergenteropa\/","title":{"rendered":"Detergente para ropa blanco y color"},"content":{"rendered":"","protected":false},"excerpt":{"rendered":"<p>Jab\u00f3n Tayrona biodegradable para ropa blanca y de color. De la marca Elemental en envase de vidrio para que tu pr\u00f3xima compra sea m\u00e1s econ\u00f3mica y sostenible<\/p>\n","protected":false},"featured_media":6663,"comment_status":"closed","ping_status":"closed","template":"","meta":[],"class_list":["post-6215","product","type-product","status-publish","has-post-thumbnail","hentry","product_cat-hogar","product_tag-bienestar","product_tag-biodegradable","product_tag-colombiano","product_tag-comercio-justo","product_tag-cuidado","product_tag-desinfeccion","product_tag-eco","product_tag-ecologico","product_tag-hogar","product_tag-limpieza","product_tag-local","product_tag-natural","product_tag-saludable"],"_links":{"self":[{"href":"https:\/\/ecomarketcolombia.com\/index.php\/wp-json\/wp\/v2\/product\/6215","targetHints":{"allow":["GET"]}}],"collection":[{"href":"https:\/\/ecomarketcolombia.com\/index.php\/wp-json\/wp\/v2\/product"}],"about":[{"href":"https:\/\/ecomarketcolombia.com\/index.php\/wp-json\/wp\/v2\/types\/product"}],"replies":[{"embeddable":true,"href":"https:\/\/ecomarketcolombia.com\/index.php\/wp-json\/wp\/v2\/comments?post=6215"}],"version-history":[{"count":2,"href":"https:\/\/ecomarketcolombia.com\/index.php\/wp-json\/wp\/v2\/product\/6215\/revisions"}],"predecessor-version":[{"id":6637,"href":"https:\/\/ecomarketcolombia.com\/index.php\/wp-json\/wp\/v2\/product\/6215\/revisions\/6637"}],"wp:featuredmedia":[{"embeddable":true,"href":"https:\/\/ecomarketcolombia.com\/index.php\/wp-json\/wp\/v2\/media\/6663"}],"wp:attachment":[{"href":"https:\/\/ecomarketcolombia.com\/index.php\/wp-json\/wp\/v2\/media?parent=6215"}],"curies":[{"name":"wp","href":"https:\/\/api.w.org\/{rel}","templated":true}]}}