{"id":6362,"date":"2020-08-17T21:08:01","date_gmt":"2020-08-18T02:08:01","guid":{"rendered":"http:\/\/ecomarketcolombia.com\/?post_type=product&#038;p=6362"},"modified":"2020-08-18T23:27:04","modified_gmt":"2020-08-19T04:27:04","slug":"pantalonaladin","status":"publish","type":"product","link":"https:\/\/ecomarketcolombia.com\/index.php\/product\/pantalonaladin\/","title":{"rendered":"Pantal\u00f3n alad\u00edn"},"content":{"rendered":"","protected":false},"excerpt":{"rendered":"<p>Pantal\u00f3n hind\u00fa estilo alad\u00edn de tiro largo. Medidas aproximadas talla \u00fanica: 100cm largo, 55cm ancho m\u00e1ximo de cintura y 40cm de tiro<\/p>\n<p>Material: 100% ray\u00f3n. Ideal para la pr\u00e1ctica de yoga o meditaci\u00f3n. Cada pantal\u00f3n es \u00fanico y es elaborado artesan\u00e1lmente en Tailandia. Peque\u00f1as variaciones en el color, te\u00f1ido de la prenda y costuras son de esperarse y son completamente normales.<\/p>\n","protected":false},"featured_media":6383,"comment_status":"closed","ping_status":"closed","template":"","meta":[],"class_list":["post-6362","product","type-product","status-publish","has-post-thumbnail","hentry","product_cat-ropa-y-accesorios","product_tag-afgano","product_tag-aladino","product_tag-chill-out","product_tag-hindu","product_tag-india","product_tag-resorte","product_tag-ropa","product_tag-tailandia","product_tag-yoga"],"_links":{"self":[{"href":"https:\/\/ecomarketcolombia.com\/index.php\/wp-json\/wp\/v2\/product\/6362","targetHints":{"allow":["GET"]}}],"collection":[{"href":"https:\/\/ecomarketcolombia.com\/index.php\/wp-json\/wp\/v2\/product"}],"about":[{"href":"https:\/\/ecomarketcolombia.com\/index.php\/wp-json\/wp\/v2\/types\/product"}],"replies":[{"embeddable":true,"href":"https:\/\/ecomarketcolombia.com\/index.php\/wp-json\/wp\/v2\/comments?post=6362"}],"version-history":[{"count":3,"href":"https:\/\/ecomarketcolombia.com\/index.php\/wp-json\/wp\/v2\/product\/6362\/revisions"}],"predecessor-version":[{"id":6629,"href":"https:\/\/ecomarketcolombia.com\/index.php\/wp-json\/wp\/v2\/product\/6362\/revisions\/6629"}],"wp:featuredmedia":[{"embeddable":true,"href":"https:\/\/ecomarketcolombia.com\/index.php\/wp-json\/wp\/v2\/media\/6383"}],"wp:attachment":[{"href":"https:\/\/ecomarketcolombia.com\/index.php\/wp-json\/wp\/v2\/media?parent=6362"}],"curies":[{"name":"wp","href":"https:\/\/api.w.org\/{rel}","templated":true}]}}