{"id":6395,"date":"2020-08-17T21:16:40","date_gmt":"2020-08-18T02:16:40","guid":{"rendered":"http:\/\/ecomarketcolombia.com\/?post_type=product&#038;p=6395"},"modified":"2020-08-20T20:02:16","modified_gmt":"2020-08-21T01:02:16","slug":"pantalonresorte","status":"publish","type":"product","link":"https:\/\/ecomarketcolombia.com\/index.php\/product\/pantalonresorte\/","title":{"rendered":"Pantal\u00f3n resorte"},"content":{"rendered":"","protected":false},"excerpt":{"rendered":"<p>Pantal\u00f3n traido de Tailandia con pretina resortada y tiro largo. Medidas aproximadas talla \u00fanica: 100cm largo, 55cm ancho m\u00e1ximo de cintura y 40cm de tiro<\/p>\n<p>Material: 100% ray\u00f3n. Ideal para la pr\u00e1ctica de yoga o meditaci\u00f3n. Cada pantal\u00f3n es \u00fanico y es elaborado artesanalmente en la India. Peque\u00f1as variaciones en el color, te\u00f1ido de la prenda y costuras son de esperarse y son completamente normales.<\/p>\n","protected":false},"featured_media":6418,"comment_status":"closed","ping_status":"closed","template":"","meta":[],"class_list":["post-6395","product","type-product","status-publish","has-post-thumbnail","hentry","product_cat-ropa-y-accesorios","product_tag-afgano","product_tag-aladino","product_tag-chill-out","product_tag-hindu","product_tag-india","product_tag-resorte","product_tag-ropa","product_tag-tailandia","product_tag-yoga"],"_links":{"self":[{"href":"https:\/\/ecomarketcolombia.com\/index.php\/wp-json\/wp\/v2\/product\/6395","targetHints":{"allow":["GET"]}}],"collection":[{"href":"https:\/\/ecomarketcolombia.com\/index.php\/wp-json\/wp\/v2\/product"}],"about":[{"href":"https:\/\/ecomarketcolombia.com\/index.php\/wp-json\/wp\/v2\/types\/product"}],"replies":[{"embeddable":true,"href":"https:\/\/ecomarketcolombia.com\/index.php\/wp-json\/wp\/v2\/comments?post=6395"}],"version-history":[{"count":5,"href":"https:\/\/ecomarketcolombia.com\/index.php\/wp-json\/wp\/v2\/product\/6395\/revisions"}],"predecessor-version":[{"id":6748,"href":"https:\/\/ecomarketcolombia.com\/index.php\/wp-json\/wp\/v2\/product\/6395\/revisions\/6748"}],"wp:featuredmedia":[{"embeddable":true,"href":"https:\/\/ecomarketcolombia.com\/index.php\/wp-json\/wp\/v2\/media\/6418"}],"wp:attachment":[{"href":"https:\/\/ecomarketcolombia.com\/index.php\/wp-json\/wp\/v2\/media?parent=6395"}],"curies":[{"name":"wp","href":"https:\/\/api.w.org\/{rel}","templated":true}]}}