{"id":6427,"date":"2020-08-17T21:24:26","date_gmt":"2020-08-18T02:24:26","guid":{"rendered":"http:\/\/ecomarketcolombia.com\/?post_type=product&#038;p=6427"},"modified":"2020-08-20T20:01:17","modified_gmt":"2020-08-21T01:01:17","slug":"pantalonmariposa","status":"publish","type":"product","link":"https:\/\/ecomarketcolombia.com\/index.php\/product\/pantalonmariposa\/","title":{"rendered":"Pantal\u00f3n mariposa"},"content":{"rendered":"","protected":false},"excerpt":{"rendered":"<p>Pantal\u00f3n hecho en Colombia con estilo mariposa. Medidas aproximadas talla \u00fanica: 100cm largo, 45cm ancho m\u00e1ximo de cintura y 44cm de tiro<\/p>\n<p>Material: 100% ray\u00f3n. Ideal para la pr\u00e1ctica de yoga o meditaci\u00f3n. Cada pantal\u00f3n es \u00fanico y es elaborado artesan\u00e1lmente en la India. Peque\u00f1as variaciones en el color, te\u00f1ido de la prenda y costuras son de esperarse y son completamente normales.<\/p>\n","protected":false},"featured_media":6447,"comment_status":"closed","ping_status":"closed","template":"","meta":[],"class_list":["post-6427","product","type-product","status-publish","has-post-thumbnail","hentry","product_cat-ropa-y-accesorios","product_tag-afgano","product_tag-aladino","product_tag-chill-out","product_tag-hindu","product_tag-india","product_tag-resorte","product_tag-ropa","product_tag-tailandia","product_tag-yoga"],"_links":{"self":[{"href":"https:\/\/ecomarketcolombia.com\/index.php\/wp-json\/wp\/v2\/product\/6427","targetHints":{"allow":["GET"]}}],"collection":[{"href":"https:\/\/ecomarketcolombia.com\/index.php\/wp-json\/wp\/v2\/product"}],"about":[{"href":"https:\/\/ecomarketcolombia.com\/index.php\/wp-json\/wp\/v2\/types\/product"}],"replies":[{"embeddable":true,"href":"https:\/\/ecomarketcolombia.com\/index.php\/wp-json\/wp\/v2\/comments?post=6427"}],"version-history":[{"count":4,"href":"https:\/\/ecomarketcolombia.com\/index.php\/wp-json\/wp\/v2\/product\/6427\/revisions"}],"predecessor-version":[{"id":6746,"href":"https:\/\/ecomarketcolombia.com\/index.php\/wp-json\/wp\/v2\/product\/6427\/revisions\/6746"}],"wp:featuredmedia":[{"embeddable":true,"href":"https:\/\/ecomarketcolombia.com\/index.php\/wp-json\/wp\/v2\/media\/6447"}],"wp:attachment":[{"href":"https:\/\/ecomarketcolombia.com\/index.php\/wp-json\/wp\/v2\/media?parent=6427"}],"curies":[{"name":"wp","href":"https:\/\/api.w.org\/{rel}","templated":true}]}}