{"id":6453,"date":"2020-08-17T21:29:39","date_gmt":"2020-08-18T02:29:39","guid":{"rendered":"http:\/\/ecomarketcolombia.com\/?post_type=product&#038;p=6453"},"modified":"2020-08-20T20:00:05","modified_gmt":"2020-08-21T01:00:05","slug":"faldalargarecta","status":"publish","type":"product","link":"https:\/\/ecomarketcolombia.com\/index.php\/product\/faldalargarecta\/","title":{"rendered":"Falda larga recta"},"content":{"rendered":"","protected":false},"excerpt":{"rendered":"<p>Falda traida de la India larga recta con forro. Medidas aproximadas talla \u00fanica: 95cm largo<\/p>\n<p>Material: Cada prenda es \u00fanica y es elaborada artesan\u00e1lmente en la India. Peque\u00f1as variaciones en el color, te\u00f1ido de la prenda y costuras son de esperarse y son completamente normales.<\/p>\n","protected":false},"featured_media":6473,"comment_status":"closed","ping_status":"closed","template":"","meta":[],"class_list":["post-6453","product","type-product","status-publish","has-post-thumbnail","hentry","product_cat-ropa-y-accesorios","product_tag-chill-out","product_tag-falda","product_tag-hindu","product_tag-india","product_tag-resorte","product_tag-ropa","product_tag-tailandia"],"_links":{"self":[{"href":"https:\/\/ecomarketcolombia.com\/index.php\/wp-json\/wp\/v2\/product\/6453","targetHints":{"allow":["GET"]}}],"collection":[{"href":"https:\/\/ecomarketcolombia.com\/index.php\/wp-json\/wp\/v2\/product"}],"about":[{"href":"https:\/\/ecomarketcolombia.com\/index.php\/wp-json\/wp\/v2\/types\/product"}],"replies":[{"embeddable":true,"href":"https:\/\/ecomarketcolombia.com\/index.php\/wp-json\/wp\/v2\/comments?post=6453"}],"version-history":[{"count":5,"href":"https:\/\/ecomarketcolombia.com\/index.php\/wp-json\/wp\/v2\/product\/6453\/revisions"}],"predecessor-version":[{"id":6745,"href":"https:\/\/ecomarketcolombia.com\/index.php\/wp-json\/wp\/v2\/product\/6453\/revisions\/6745"}],"wp:featuredmedia":[{"embeddable":true,"href":"https:\/\/ecomarketcolombia.com\/index.php\/wp-json\/wp\/v2\/media\/6473"}],"wp:attachment":[{"href":"https:\/\/ecomarketcolombia.com\/index.php\/wp-json\/wp\/v2\/media?parent=6453"}],"curies":[{"name":"wp","href":"https:\/\/api.w.org\/{rel}","templated":true}]}}