{"id":6477,"date":"2020-08-17T21:41:55","date_gmt":"2020-08-18T02:41:55","guid":{"rendered":"http:\/\/ecomarketcolombia.com\/?post_type=product&#038;p=6477"},"modified":"2020-08-20T19:59:11","modified_gmt":"2020-08-21T00:59:11","slug":"falda-larga-puntas","status":"publish","type":"product","link":"https:\/\/ecomarketcolombia.com\/index.php\/product\/falda-larga-puntas\/","title":{"rendered":"Falda larga puntas"},"content":{"rendered":"","protected":false},"excerpt":{"rendered":"<p>Falda Hind\u00fa larga de retazos terminada en puntas. Medidas aproximadas talla \u00fanica: 99cm largo y 55cm ancho m\u00e1xim<\/p>\n<p>Material: Cada prenda es \u00fanica y es elaborada artesan\u00e1lmente en la India. Peque\u00f1as variaciones en el color, te\u00f1ido de la prenda y costuras son de esperarse y son completamente normales.<\/p>\n","protected":false},"featured_media":6482,"comment_status":"closed","ping_status":"closed","template":"","meta":[],"class_list":["post-6477","product","type-product","status-publish","has-post-thumbnail","hentry","product_cat-ropa-y-accesorios","product_tag-chill-out","product_tag-falda","product_tag-hindu","product_tag-india","product_tag-puntas","product_tag-resorte","product_tag-ropa","product_tag-tailandia"],"_links":{"self":[{"href":"https:\/\/ecomarketcolombia.com\/index.php\/wp-json\/wp\/v2\/product\/6477","targetHints":{"allow":["GET"]}}],"collection":[{"href":"https:\/\/ecomarketcolombia.com\/index.php\/wp-json\/wp\/v2\/product"}],"about":[{"href":"https:\/\/ecomarketcolombia.com\/index.php\/wp-json\/wp\/v2\/types\/product"}],"replies":[{"embeddable":true,"href":"https:\/\/ecomarketcolombia.com\/index.php\/wp-json\/wp\/v2\/comments?post=6477"}],"version-history":[{"count":5,"href":"https:\/\/ecomarketcolombia.com\/index.php\/wp-json\/wp\/v2\/product\/6477\/revisions"}],"predecessor-version":[{"id":6743,"href":"https:\/\/ecomarketcolombia.com\/index.php\/wp-json\/wp\/v2\/product\/6477\/revisions\/6743"}],"wp:featuredmedia":[{"embeddable":true,"href":"https:\/\/ecomarketcolombia.com\/index.php\/wp-json\/wp\/v2\/media\/6482"}],"wp:attachment":[{"href":"https:\/\/ecomarketcolombia.com\/index.php\/wp-json\/wp\/v2\/media?parent=6477"}],"curies":[{"name":"wp","href":"https:\/\/api.w.org\/{rel}","templated":true}]}}