{"id":6486,"date":"2020-08-17T21:45:46","date_gmt":"2020-08-18T02:45:46","guid":{"rendered":"http:\/\/ecomarketcolombia.com\/?post_type=product&#038;p=6486"},"modified":"2020-08-20T20:10:03","modified_gmt":"2020-08-21T01:10:03","slug":"vestidolargostrapless","status":"publish","type":"product","link":"https:\/\/ecomarketcolombia.com\/index.php\/product\/vestidolargostrapless\/","title":{"rendered":"Vestido largo strapless"},"content":{"rendered":"","protected":false},"excerpt":{"rendered":"<p>Vestido traido de Tailandia,\u00a0 largo strapless con busto resortado para mejor ajuste<br \/>\nMedidas aproximadas talla \u00fanica: 123cm largo<\/p>\n<p>Material: 100% ray\u00f3n. Peque\u00f1as variaciones en el color, te\u00f1ido de la prenda y costuras son de esperarse y son completamente normales.<\/p>\n","protected":false},"featured_media":6494,"comment_status":"closed","ping_status":"closed","template":"","meta":[],"class_list":["post-6486","product","type-product","status-publish","has-post-thumbnail","hentry","product_cat-ropa-y-accesorios","product_tag-chill-out","product_tag-hindu","product_tag-india","product_tag-ropa","product_tag-strapless","product_tag-tailandia","product_tag-vestido"],"_links":{"self":[{"href":"https:\/\/ecomarketcolombia.com\/index.php\/wp-json\/wp\/v2\/product\/6486","targetHints":{"allow":["GET"]}}],"collection":[{"href":"https:\/\/ecomarketcolombia.com\/index.php\/wp-json\/wp\/v2\/product"}],"about":[{"href":"https:\/\/ecomarketcolombia.com\/index.php\/wp-json\/wp\/v2\/types\/product"}],"replies":[{"embeddable":true,"href":"https:\/\/ecomarketcolombia.com\/index.php\/wp-json\/wp\/v2\/comments?post=6486"}],"version-history":[{"count":5,"href":"https:\/\/ecomarketcolombia.com\/index.php\/wp-json\/wp\/v2\/product\/6486\/revisions"}],"predecessor-version":[{"id":6753,"href":"https:\/\/ecomarketcolombia.com\/index.php\/wp-json\/wp\/v2\/product\/6486\/revisions\/6753"}],"wp:featuredmedia":[{"embeddable":true,"href":"https:\/\/ecomarketcolombia.com\/index.php\/wp-json\/wp\/v2\/media\/6494"}],"wp:attachment":[{"href":"https:\/\/ecomarketcolombia.com\/index.php\/wp-json\/wp\/v2\/media?parent=6486"}],"curies":[{"name":"wp","href":"https:\/\/api.w.org\/{rel}","templated":true}]}}