{"id":6501,"date":"2020-08-17T21:51:02","date_gmt":"2020-08-18T02:51:02","guid":{"rendered":"http:\/\/ecomarketcolombia.com\/?post_type=product&#038;p=6501"},"modified":"2020-08-20T20:09:36","modified_gmt":"2020-08-21T01:09:36","slug":"vestido-largo-tiritas","status":"publish","type":"product","link":"https:\/\/ecomarketcolombia.com\/index.php\/product\/vestido-largo-tiritas\/","title":{"rendered":"Vestido largo de tiritas"},"content":{"rendered":"","protected":false},"excerpt":{"rendered":"<p>Vestido largo sin mangas traido de Tailandia. Medidas aproximadas talla \u00fanica: 110cm largo<\/p>\n<p>Material: 100% ray\u00f3n. Peque\u00f1as variaciones en el color, te\u00f1ido de la prenda y costuras son de esperarse y son completamente normales.<\/p>\n","protected":false},"featured_media":6511,"comment_status":"closed","ping_status":"closed","template":"","meta":[],"class_list":["post-6501","product","type-product","status-publish","has-post-thumbnail","hentry","product_cat-ropa-y-accesorios","product_tag-chill-out","product_tag-hindu","product_tag-india","product_tag-ropa","product_tag-strapless","product_tag-tailandia","product_tag-vestido"],"_links":{"self":[{"href":"https:\/\/ecomarketcolombia.com\/index.php\/wp-json\/wp\/v2\/product\/6501","targetHints":{"allow":["GET"]}}],"collection":[{"href":"https:\/\/ecomarketcolombia.com\/index.php\/wp-json\/wp\/v2\/product"}],"about":[{"href":"https:\/\/ecomarketcolombia.com\/index.php\/wp-json\/wp\/v2\/types\/product"}],"replies":[{"embeddable":true,"href":"https:\/\/ecomarketcolombia.com\/index.php\/wp-json\/wp\/v2\/comments?post=6501"}],"version-history":[{"count":3,"href":"https:\/\/ecomarketcolombia.com\/index.php\/wp-json\/wp\/v2\/product\/6501\/revisions"}],"predecessor-version":[{"id":6752,"href":"https:\/\/ecomarketcolombia.com\/index.php\/wp-json\/wp\/v2\/product\/6501\/revisions\/6752"}],"wp:featuredmedia":[{"embeddable":true,"href":"https:\/\/ecomarketcolombia.com\/index.php\/wp-json\/wp\/v2\/media\/6511"}],"wp:attachment":[{"href":"https:\/\/ecomarketcolombia.com\/index.php\/wp-json\/wp\/v2\/media?parent=6501"}],"curies":[{"name":"wp","href":"https:\/\/api.w.org\/{rel}","templated":true}]}}