{"id":6515,"date":"2020-08-17T21:55:26","date_gmt":"2020-08-18T02:55:26","guid":{"rendered":"http:\/\/ecomarketcolombia.com\/?post_type=product&#038;p=6515"},"modified":"2020-08-20T19:57:14","modified_gmt":"2020-08-21T00:57:14","slug":"vestidocortomangas","status":"publish","type":"product","link":"https:\/\/ecomarketcolombia.com\/index.php\/product\/vestidocortomangas\/","title":{"rendered":"Vestido corto de mangas"},"content":{"rendered":"","protected":false},"excerpt":{"rendered":"<p>Vestido traido de Tailandia, corto con mangas y busto resortado para perfecto ajuste. Con tiritas en la espalda para marcar la cintura<br \/>\nMedidas aproximadas talla \u00fanica: 80cm largo<\/p>\n<p>Material: 100% ray\u00f3n. Peque\u00f1as variaciones en el color, te\u00f1ido de la prenda y costuras son de esperarse y son completamente normales.<\/p>\n","protected":false},"featured_media":6523,"comment_status":"closed","ping_status":"closed","template":"","meta":[],"class_list":["post-6515","product","type-product","status-publish","has-post-thumbnail","hentry","product_cat-ropa-y-accesorios","product_tag-chill-out","product_tag-hindu","product_tag-india","product_tag-ropa","product_tag-strapless","product_tag-tailandia","product_tag-vestido"],"_links":{"self":[{"href":"https:\/\/ecomarketcolombia.com\/index.php\/wp-json\/wp\/v2\/product\/6515","targetHints":{"allow":["GET"]}}],"collection":[{"href":"https:\/\/ecomarketcolombia.com\/index.php\/wp-json\/wp\/v2\/product"}],"about":[{"href":"https:\/\/ecomarketcolombia.com\/index.php\/wp-json\/wp\/v2\/types\/product"}],"replies":[{"embeddable":true,"href":"https:\/\/ecomarketcolombia.com\/index.php\/wp-json\/wp\/v2\/comments?post=6515"}],"version-history":[{"count":4,"href":"https:\/\/ecomarketcolombia.com\/index.php\/wp-json\/wp\/v2\/product\/6515\/revisions"}],"predecessor-version":[{"id":6741,"href":"https:\/\/ecomarketcolombia.com\/index.php\/wp-json\/wp\/v2\/product\/6515\/revisions\/6741"}],"wp:featuredmedia":[{"embeddable":true,"href":"https:\/\/ecomarketcolombia.com\/index.php\/wp-json\/wp\/v2\/media\/6523"}],"wp:attachment":[{"href":"https:\/\/ecomarketcolombia.com\/index.php\/wp-json\/wp\/v2\/media?parent=6515"}],"curies":[{"name":"wp","href":"https:\/\/api.w.org\/{rel}","templated":true}]}}