{"id":6528,"date":"2020-08-17T22:00:37","date_gmt":"2020-08-18T03:00:37","guid":{"rendered":"http:\/\/ecomarketcolombia.com\/?post_type=product&#038;p=6528"},"modified":"2020-08-20T19:56:18","modified_gmt":"2020-08-21T00:56:18","slug":"vestidocortocopas","status":"publish","type":"product","link":"https:\/\/ecomarketcolombia.com\/index.php\/product\/vestidocortocopas\/","title":{"rendered":"Vestido corto copas"},"content":{"rendered":"","protected":false},"excerpt":{"rendered":"<p>Vestido traido de Tailandia, corto sin mangas y con detalle estilo copas que realzan el busto<br \/>\nMedidas aproximadas talla \u00fanica: 77cm largo<\/p>\n<p>Material: 100% ray\u00f3n. Peque\u00f1as variaciones en el color, te\u00f1ido de la prenda y costuras son de esperarse y son completamente normales.<\/p>\n","protected":false},"featured_media":6546,"comment_status":"closed","ping_status":"closed","template":"","meta":[],"class_list":["post-6528","product","type-product","status-publish","has-post-thumbnail","hentry","product_cat-ropa-y-accesorios","product_tag-chill-out","product_tag-copas","product_tag-hindu","product_tag-india","product_tag-ropa","product_tag-tailandia","product_tag-vestido"],"_links":{"self":[{"href":"https:\/\/ecomarketcolombia.com\/index.php\/wp-json\/wp\/v2\/product\/6528","targetHints":{"allow":["GET"]}}],"collection":[{"href":"https:\/\/ecomarketcolombia.com\/index.php\/wp-json\/wp\/v2\/product"}],"about":[{"href":"https:\/\/ecomarketcolombia.com\/index.php\/wp-json\/wp\/v2\/types\/product"}],"replies":[{"embeddable":true,"href":"https:\/\/ecomarketcolombia.com\/index.php\/wp-json\/wp\/v2\/comments?post=6528"}],"version-history":[{"count":5,"href":"https:\/\/ecomarketcolombia.com\/index.php\/wp-json\/wp\/v2\/product\/6528\/revisions"}],"predecessor-version":[{"id":6739,"href":"https:\/\/ecomarketcolombia.com\/index.php\/wp-json\/wp\/v2\/product\/6528\/revisions\/6739"}],"wp:featuredmedia":[{"embeddable":true,"href":"https:\/\/ecomarketcolombia.com\/index.php\/wp-json\/wp\/v2\/media\/6546"}],"wp:attachment":[{"href":"https:\/\/ecomarketcolombia.com\/index.php\/wp-json\/wp\/v2\/media?parent=6528"}],"curies":[{"name":"wp","href":"https:\/\/api.w.org\/{rel}","templated":true}]}}