{"id":6550,"date":"2020-08-17T22:05:09","date_gmt":"2020-08-18T03:05:09","guid":{"rendered":"http:\/\/ecomarketcolombia.com\/?post_type=product&#038;p=6550"},"modified":"2021-04-19T09:13:28","modified_gmt":"2021-04-19T14:13:28","slug":"vestidolargocopas","status":"publish","type":"product","link":"https:\/\/ecomarketcolombia.com\/index.php\/product\/vestidolargocopas\/","title":{"rendered":"Vestido largo copas"},"content":{"rendered":"","protected":false},"excerpt":{"rendered":"<p>Vestido de Tailandia<\/p>\n<p>Material: 100% ray\u00f3n. Peque\u00f1as variaciones en el color, te\u00f1ido de la prenda y costuras son de esperarse y son completamente normales.<\/p>\n","protected":false},"featured_media":6562,"comment_status":"closed","ping_status":"closed","template":"","meta":[],"class_list":["post-6550","product","type-product","status-publish","has-post-thumbnail","hentry","product_cat-ropa-y-accesorios","product_tag-copas","product_tag-hindu","product_tag-largo","product_tag-ropa","product_tag-vestido"],"_links":{"self":[{"href":"https:\/\/ecomarketcolombia.com\/index.php\/wp-json\/wp\/v2\/product\/6550","targetHints":{"allow":["GET"]}}],"collection":[{"href":"https:\/\/ecomarketcolombia.com\/index.php\/wp-json\/wp\/v2\/product"}],"about":[{"href":"https:\/\/ecomarketcolombia.com\/index.php\/wp-json\/wp\/v2\/types\/product"}],"replies":[{"embeddable":true,"href":"https:\/\/ecomarketcolombia.com\/index.php\/wp-json\/wp\/v2\/comments?post=6550"}],"version-history":[{"count":5,"href":"https:\/\/ecomarketcolombia.com\/index.php\/wp-json\/wp\/v2\/product\/6550\/revisions"}],"predecessor-version":[{"id":6929,"href":"https:\/\/ecomarketcolombia.com\/index.php\/wp-json\/wp\/v2\/product\/6550\/revisions\/6929"}],"wp:featuredmedia":[{"embeddable":true,"href":"https:\/\/ecomarketcolombia.com\/index.php\/wp-json\/wp\/v2\/media\/6562"}],"wp:attachment":[{"href":"https:\/\/ecomarketcolombia.com\/index.php\/wp-json\/wp\/v2\/media?parent=6550"}],"curies":[{"name":"wp","href":"https:\/\/api.w.org\/{rel}","templated":true}]}}