{"id":6576,"date":"2020-08-17T22:13:43","date_gmt":"2020-08-18T03:13:43","guid":{"rendered":"http:\/\/ecomarketcolombia.com\/?post_type=product&#038;p=6576"},"modified":"2021-04-17T17:54:05","modified_gmt":"2021-04-17T22:54:05","slug":"enterizocortofalda","status":"publish","type":"product","link":"https:\/\/ecomarketcolombia.com\/index.php\/product\/enterizocortofalda\/","title":{"rendered":"Enterizo corto con falda"},"content":{"rendered":"","protected":false},"excerpt":{"rendered":"<p>Vestido traido de Tailandia enterizo con falda y el\u00e1stico en la cintura, as\u00ed como largo graduable gracias a las tirantas que se amarran al frente<br \/>\nMedidas aproxim\u00e1das talla \u00fanica: 80cm largo<\/p>\n<p>Material: 100% ray\u00f3n. Peque\u00f1as variaciones en el color, te\u00f1ido de la prenda y costuras son de esperarse y son completamente normales.<\/p>\n<p>&nbsp;<\/p>\n","protected":false},"featured_media":6573,"comment_status":"closed","ping_status":"closed","template":"","meta":[],"class_list":["post-6576","product","type-product","status-publish","has-post-thumbnail","hentry","product_cat-ropa-y-accesorios","product_tag-enterizo","product_tag-falda","product_tag-ropa","product_tag-vestido"],"_links":{"self":[{"href":"https:\/\/ecomarketcolombia.com\/index.php\/wp-json\/wp\/v2\/product\/6576","targetHints":{"allow":["GET"]}}],"collection":[{"href":"https:\/\/ecomarketcolombia.com\/index.php\/wp-json\/wp\/v2\/product"}],"about":[{"href":"https:\/\/ecomarketcolombia.com\/index.php\/wp-json\/wp\/v2\/types\/product"}],"replies":[{"embeddable":true,"href":"https:\/\/ecomarketcolombia.com\/index.php\/wp-json\/wp\/v2\/comments?post=6576"}],"version-history":[{"count":4,"href":"https:\/\/ecomarketcolombia.com\/index.php\/wp-json\/wp\/v2\/product\/6576\/revisions"}],"predecessor-version":[{"id":6871,"href":"https:\/\/ecomarketcolombia.com\/index.php\/wp-json\/wp\/v2\/product\/6576\/revisions\/6871"}],"wp:featuredmedia":[{"embeddable":true,"href":"https:\/\/ecomarketcolombia.com\/index.php\/wp-json\/wp\/v2\/media\/6573"}],"wp:attachment":[{"href":"https:\/\/ecomarketcolombia.com\/index.php\/wp-json\/wp\/v2\/media?parent=6576"}],"curies":[{"name":"wp","href":"https:\/\/api.w.org\/{rel}","templated":true}]}}