{"id":6665,"date":"2020-08-19T15:51:46","date_gmt":"2020-08-19T20:51:46","guid":{"rendered":"http:\/\/ecomarketcolombia.com\/?post_type=product&#038;p=6665"},"modified":"2020-08-19T15:55:58","modified_gmt":"2020-08-19T20:55:58","slug":"suavizanteropa","status":"publish","type":"product","link":"https:\/\/ecomarketcolombia.com\/index.php\/product\/suavizanteropa\/","title":{"rendered":"Suavizante para ropa"},"content":{"rendered":"","protected":false},"excerpt":{"rendered":"<p>Suavizante Cabo de la Vela, biodegradable para todo tipo de ropa. De la marca Elemental en envase de vidrio para que tu pr\u00f3xima compra sea m\u00e1s econ\u00f3mica y sostenible<\/p>\n","protected":false},"featured_media":6668,"comment_status":"closed","ping_status":"closed","template":"","meta":[],"class_list":["post-6665","product","type-product","status-publish","has-post-thumbnail","hentry","product_cat-hogar","product_tag-bienestar","product_tag-biodegradable","product_tag-colombiano","product_tag-comercio-justo","product_tag-cuidado","product_tag-desinfeccion","product_tag-eco","product_tag-ecologico","product_tag-hogar","product_tag-limpieza","product_tag-local","product_tag-natural","product_tag-ropa","product_tag-saludable","product_tag-suavizante"],"_links":{"self":[{"href":"https:\/\/ecomarketcolombia.com\/index.php\/wp-json\/wp\/v2\/product\/6665","targetHints":{"allow":["GET"]}}],"collection":[{"href":"https:\/\/ecomarketcolombia.com\/index.php\/wp-json\/wp\/v2\/product"}],"about":[{"href":"https:\/\/ecomarketcolombia.com\/index.php\/wp-json\/wp\/v2\/types\/product"}],"replies":[{"embeddable":true,"href":"https:\/\/ecomarketcolombia.com\/index.php\/wp-json\/wp\/v2\/comments?post=6665"}],"version-history":[{"count":1,"href":"https:\/\/ecomarketcolombia.com\/index.php\/wp-json\/wp\/v2\/product\/6665\/revisions"}],"predecessor-version":[{"id":6670,"href":"https:\/\/ecomarketcolombia.com\/index.php\/wp-json\/wp\/v2\/product\/6665\/revisions\/6670"}],"wp:featuredmedia":[{"embeddable":true,"href":"https:\/\/ecomarketcolombia.com\/index.php\/wp-json\/wp\/v2\/media\/6668"}],"wp:attachment":[{"href":"https:\/\/ecomarketcolombia.com\/index.php\/wp-json\/wp\/v2\/media?parent=6665"}],"curies":[{"name":"wp","href":"https:\/\/api.w.org\/{rel}","templated":true}]}}