{"id":6671,"date":"2020-08-19T15:56:31","date_gmt":"2020-08-19T20:56:31","guid":{"rendered":"http:\/\/ecomarketcolombia.com\/?post_type=product&#038;p=6671"},"modified":"2020-08-19T16:00:55","modified_gmt":"2020-08-19T21:00:55","slug":"jabonloza","status":"publish","type":"product","link":"https:\/\/ecomarketcolombia.com\/index.php\/product\/jabonloza\/","title":{"rendered":"Jab\u00f3n lava loza"},"content":{"rendered":"","protected":false},"excerpt":{"rendered":"<p>Jab\u00f3n lavaloza, biodegradable y cuidadoso con tu piel. De la marca Elemental en envase de vidrio para que tu pr\u00f3xima compra sea m\u00e1s econ\u00f3mica y sostenible<\/p>\n","protected":false},"featured_media":6674,"comment_status":"closed","ping_status":"closed","template":"","meta":[],"class_list":["post-6671","product","type-product","status-publish","has-post-thumbnail","hentry","product_cat-hogar","product_tag-bienestar","product_tag-biodegradable","product_tag-colombiano","product_tag-comercio-justo","product_tag-cuidado","product_tag-desinfeccion","product_tag-eco","product_tag-ecologico","product_tag-hogar","product_tag-jabon","product_tag-lava","product_tag-limpieza","product_tag-local","product_tag-loza","product_tag-natural","product_tag-saludable"],"_links":{"self":[{"href":"https:\/\/ecomarketcolombia.com\/index.php\/wp-json\/wp\/v2\/product\/6671","targetHints":{"allow":["GET"]}}],"collection":[{"href":"https:\/\/ecomarketcolombia.com\/index.php\/wp-json\/wp\/v2\/product"}],"about":[{"href":"https:\/\/ecomarketcolombia.com\/index.php\/wp-json\/wp\/v2\/types\/product"}],"replies":[{"embeddable":true,"href":"https:\/\/ecomarketcolombia.com\/index.php\/wp-json\/wp\/v2\/comments?post=6671"}],"version-history":[{"count":1,"href":"https:\/\/ecomarketcolombia.com\/index.php\/wp-json\/wp\/v2\/product\/6671\/revisions"}],"predecessor-version":[{"id":6676,"href":"https:\/\/ecomarketcolombia.com\/index.php\/wp-json\/wp\/v2\/product\/6671\/revisions\/6676"}],"wp:featuredmedia":[{"embeddable":true,"href":"https:\/\/ecomarketcolombia.com\/index.php\/wp-json\/wp\/v2\/media\/6674"}],"wp:attachment":[{"href":"https:\/\/ecomarketcolombia.com\/index.php\/wp-json\/wp\/v2\/media?parent=6671"}],"curies":[{"name":"wp","href":"https:\/\/api.w.org\/{rel}","templated":true}]}}